{"id":5895,"date":"2025-01-15T13:40:34","date_gmt":"2025-01-15T13:40:34","guid":{"rendered":"https:\/\/momcozy.al?post_type=product&#038;p=5895"},"modified":"2025-10-06T12:41:14","modified_gmt":"2025-10-06T12:41:14","slug":"milk-storage-silikon","status":"publish","type":"product","link":"https:\/\/www.momcozy.al\/en\/product\/milk-storage-silikon\/","title":{"rendered":"Momcozy Silicone Milk storage Bags"},"content":{"rendered":"<p>Momcozy Reusable Silicone Breastmilk Bags for Breastfeeding *2pcs<\/p>\n<ul>\n<li>QESE SILIKONI T\u00cb RIP\u00cbRDORSHME P\u00cbR RUAJTJE &#8211; Material silikoni i grad\u00ebs ushqimore, pa BPA, material i derdhur nj\u00ebpjes\u00ebsh &#8211; nuk thyhet. Qeset prej silikoni p\u00ebr ruajtjen e qum\u00ebshtit jan\u00eb nj\u00eb alternativ\u00eb ndaj \u00e7antave t\u00eb disponueshme p\u00ebr ruajtjen e qum\u00ebshtit q\u00eb mund t&#8217;ju kursejn\u00eb m\u00eb shum\u00eb para \u00e7do vit.<\/li>\n<li>RUAJTJE E P\u00cbRSHTATSHME SHUM\u00cbFUNKSIONALE &#8211; Qesja e ruajtjes s\u00eb qum\u00ebshtit prej silikoni Momcozy mund t\u00eb ruaj\u00eb ushqime t\u00eb l\u00ebngshme dhe t\u00eb buta, si\u00e7 jan\u00eb l\u00ebngjet dhe drith\u00ebrat e orizit, pureja etj. Gjithashtu mund ta shnd\u00ebrroni leht\u00ebsisht n\u00eb \u00e7anta t\u00eb tjera ruajtjeje, si dhe n\u00eb pako akulli ose ngroh\u00ebse duarsh.<\/li>\n<li>DIZAJN ME KAPAK DORE &#8211; Mbyllje e fort\u00eb, derdhje e leht\u00eb e qum\u00ebshtit nga pompa e gjirit, 100% pa rrjedhje. Qesja prej silikoni momcozy p\u00ebr ruajtjen e qum\u00ebshtit mund t\u00eb ruhet n\u00eb frigorifer dhe ngrir\u00ebs, e shesht\u00eb ose vertikalisht, duke kursyer hap\u00ebsir\u00eb dhe duke e mbajtur t\u00eb past\u00ebr.<\/li>\n<li>E LEHT\u00cb P\u00cbR T\u2019U P\u00cbRDORUR &#8211; Hiqni kapakun e dorez\u00ebs, derdhni qum\u00ebshtin e gjirit n\u00eb qese dhe shtr\u00ebngoni kapakun e dorez\u00ebs. Pas ruajtjes, kur t\u00eb jeni gati p\u00ebr p\u00ebrdorim, vendoseni qesen n\u00eb uj\u00eb t\u00eb ngroht\u00eb p\u00ebr t\u00eb ngrohur qum\u00ebshtin dhe p\u00ebr ta pir\u00eb, \u00ebsht\u00eb e leht\u00eb p\u00ebr t\u2019u p\u00ebrdorur.<\/li>\n<li>KAPACITETI I MADH 250ml &#8211; Kapaciteti \u00ebsht\u00eb 250ml, ena \u00ebsht\u00eb e sh\u00ebnuar me nj\u00eb shkall\u00eb, kapaciteti m\u00eb i rekomanduar \u00ebsht\u00eb 250ml, nuk e shp\u00ebrthen qesen gjat\u00eb ngrirjes dhe ngrohjes.<\/li>\n<\/ul>","protected":false},"excerpt":{"rendered":"<p>Qese silikoni t\u00eb rip\u00ebrdorshme p\u00ebr ruajtje.<\/p>\n<p>Ruajtje e p\u00ebrshtatshme shum\u00ebfunksionale.<\/p>\n<p>Dizajn me kapak dore .<\/p>\n<p>E leht\u00eb p\u00ebr t\u2019u p\u00ebrdorur.<\/p>\n<p>Kapaciteti i madh 250ml .<\/p>","protected":false},"featured_media":5896,"template":"","meta":[],"product_brand":[],"product_cat":[153,99,107],"product_tag":[],"class_list":{"0":"post-5895","1":"product","2":"type-product","3":"status-publish","4":"has-post-thumbnail","6":"product_cat-aksesore-ushqimore","7":"product_cat-bebe","8":"product_cat-ushqimi-bebes","10":"first","11":"instock","12":"shipping-taxable","13":"purchasable","14":"product-type-variable"},"_links":{"self":[{"href":"https:\/\/www.momcozy.al\/en\/wp-json\/wp\/v2\/product\/5895","targetHints":{"allow":["GET"]}}],"collection":[{"href":"https:\/\/www.momcozy.al\/en\/wp-json\/wp\/v2\/product"}],"about":[{"href":"https:\/\/www.momcozy.al\/en\/wp-json\/wp\/v2\/types\/product"}],"wp:featuredmedia":[{"embeddable":true,"href":"https:\/\/www.momcozy.al\/en\/wp-json\/wp\/v2\/media\/5896"}],"wp:attachment":[{"href":"https:\/\/www.momcozy.al\/en\/wp-json\/wp\/v2\/media?parent=5895"}],"wp:term":[{"taxonomy":"product_brand","embeddable":true,"href":"https:\/\/www.momcozy.al\/en\/wp-json\/wp\/v2\/product_brand?post=5895"},{"taxonomy":"product_cat","embeddable":true,"href":"https:\/\/www.momcozy.al\/en\/wp-json\/wp\/v2\/product_cat?post=5895"},{"taxonomy":"product_tag","embeddable":true,"href":"https:\/\/www.momcozy.al\/en\/wp-json\/wp\/v2\/product_tag?post=5895"}],"curies":[{"name":"wp","href":"https:\/\/api.w.org\/{rel}","templated":true}]}}