{"id":5902,"date":"2025-01-15T13:48:24","date_gmt":"2025-01-15T13:48:24","guid":{"rendered":"https:\/\/momcozy.al?post_type=product&#038;p=5902"},"modified":"2025-08-07T14:54:38","modified_gmt":"2025-08-07T14:54:38","slug":"kupa-argjendi","status":"publish","type":"product","link":"https:\/\/www.momcozy.al\/en\/product\/kupa-argjendi\/","title":{"rendered":"Momcozy Original 999 Silver Nipple Shields"},"content":{"rendered":"<p>Bere nga 999 Silver &#8211; Momcozy ka qen\u00eb gjithmon\u00eb e p\u00ebrkushtuar p\u00ebr t&#8217;u ofruar n\u00ebnave produkte me cil\u00ebsi t\u00eb lart\u00eb. Kupat tona p\u00ebr gji jan\u00eb b\u00ebr\u00eb prej argjendi t\u00eb past\u00ebr 999 p\u00ebr t\u00eb ndihmuar n\u00ebnat t\u00eb rikuperohen m\u00eb shpejt nga ushqyerja me gji, veshja e p\u00ebrditshme e saj gjithashtu mund t\u00eb parandaloj\u00eb d\u00ebmtimin e m\u00ebtejsh\u00ebm t\u00eb shkaktuar nga kontakti i shpesht\u00eb me veshjet n\u00eb zon\u00ebn e prekur.<\/p>","protected":false},"excerpt":{"rendered":"<ul>\n<li>Material cil\u00ebsor: T\u00eb b\u00ebra nga argjend i past\u00ebr 999.<\/li>\n<li>Q\u00ebllimi: Ndihmojn\u00eb n\u00eb rikuperimin m\u00eb t\u00eb shpejt\u00eb gjat\u00eb ushqyerjes me gji.<\/li>\n<li>P\u00ebrdorim i p\u00ebrditsh\u00ebm: Parandalojn\u00eb d\u00ebmtimet nga kontakti me veshjet.<\/li>\n<li>P\u00ebrkushtim ndaj cil\u00ebsis\u00eb: Momcozy ofron produkte t\u00eb besueshme dhe t\u00eb sigurta p\u00ebr n\u00ebnat.<\/li>\n<\/ul>","protected":false},"featured_media":5904,"template":"","meta":[],"product_brand":[],"product_cat":[152,105],"product_tag":[217],"class_list":{"0":"post-5902","1":"product","2":"type-product","3":"status-publish","4":"has-post-thumbnail","6":"product_cat-all-categories","7":"product_cat-kujdesi-mamit","8":"product_tag-momcozy-kupagjiri-argjend999-ushqyerjemegji-rikuperimpaslindjes-nenaere","10":"first","11":"instock","12":"shipping-taxable","13":"purchasable","14":"product-type-variable"},"_links":{"self":[{"href":"https:\/\/www.momcozy.al\/en\/wp-json\/wp\/v2\/product\/5902","targetHints":{"allow":["GET"]}}],"collection":[{"href":"https:\/\/www.momcozy.al\/en\/wp-json\/wp\/v2\/product"}],"about":[{"href":"https:\/\/www.momcozy.al\/en\/wp-json\/wp\/v2\/types\/product"}],"wp:featuredmedia":[{"embeddable":true,"href":"https:\/\/www.momcozy.al\/en\/wp-json\/wp\/v2\/media\/5904"}],"wp:attachment":[{"href":"https:\/\/www.momcozy.al\/en\/wp-json\/wp\/v2\/media?parent=5902"}],"wp:term":[{"taxonomy":"product_brand","embeddable":true,"href":"https:\/\/www.momcozy.al\/en\/wp-json\/wp\/v2\/product_brand?post=5902"},{"taxonomy":"product_cat","embeddable":true,"href":"https:\/\/www.momcozy.al\/en\/wp-json\/wp\/v2\/product_cat?post=5902"},{"taxonomy":"product_tag","embeddable":true,"href":"https:\/\/www.momcozy.al\/en\/wp-json\/wp\/v2\/product_tag?post=5902"}],"curies":[{"name":"wp","href":"https:\/\/api.w.org\/{rel}","templated":true}]}}