{"id":6410,"date":"2025-04-07T15:09:18","date_gmt":"2025-04-07T15:09:18","guid":{"rendered":"https:\/\/momcozy.al?post_type=product&#038;p=6410"},"modified":"2025-07-24T14:42:38","modified_gmt":"2025-07-24T14:42:38","slug":"momcozy-furce-dhembesh-per-bebe","status":"publish","type":"product","link":"https:\/\/www.momcozy.al\/en\/product\/momcozy-furce-dhembesh-per-bebe\/","title":{"rendered":"Momcozy Baby Toothbrush"},"content":{"rendered":"<p>360\u00b0 Bristle Brush \u2013 Our baby toothbrush features 360\u00b0 surrounding bristles, effectively cleaning your baby\u2019s teeth while remaining gentle on delicate gums.<\/p>\n<ul>\n<li>Anti-Gag Design \u2013 The baby toothbrush includes a round stopper below the brush head to prevent the baby from pushing the toothbrush too far into the mouth.<\/li>\n<li>Suction Base \u2013 The Momcozy baby toothbrush has a suction base, allowing you to stick it to clean sink surfaces so it won\u2019t fall onto a dirty floor.<\/li>\n<li>Pastrim i plot\u00eb &#8211; Fur\u00e7a e dh\u00ebmb\u00ebve t\u00eb foshnj\u00ebs \u00ebsht\u00eb nj\u00eb struktur\u00eb me tre seksione e l\u00ebvizshme me trup t\u00eb plot\u00eb, p\u00ebr pastrim t\u00eb rregullt, mund ta \u00e7montoni plot\u00ebsisht p\u00ebr rezultate m\u00eb t\u00eb mira. Materiali mund t&#8217;i rezistoj\u00eb temperaturave deri n\u00eb 176\u00b0F, i p\u00ebrshtatsh\u00ebm p\u00ebr nj\u00eb gam\u00eb t\u00eb gjer\u00eb metodash pastrimi.<\/li>\n<li>Designed for Children \u2013 The Momcozy baby toothbrush is suitable for ages 6 to 12 months, toddlers aged 1\u20132, or 1-year-olds, helping develop good brushing habits from an early age.<\/li>\n<\/ul>","protected":false},"excerpt":{"rendered":"<ul>\n<li>Mosha 6-12 + dhe 1-2 vje\u00e7<\/li>\n<li>Three-section construction<\/li>\n<li>Fully disassemblable for cleaning<\/li>\n<li>Can be sterilized up to 80\u00b0C (176\u00b0F)<\/li>\n<\/ul>","protected":false},"featured_media":6413,"template":"","meta":[],"product_brand":[],"product_cat":[99,138,152],"product_tag":[166],"class_list":{"0":"post-6410","1":"product","2":"type-product","3":"status-publish","4":"has-post-thumbnail","6":"product_cat-bebe","7":"product_cat-furce-dhembesh-per-bebe-bebe","8":"product_cat-all-categories","9":"product_tag-furcedhembeshfoshnje-furce360-furceperbebe-furceesigurt-higjienaoralebebe-larjaedhembeve-momcozy","11":"first","12":"instock","13":"shipping-taxable","14":"purchasable","15":"product-type-variable"},"_links":{"self":[{"href":"https:\/\/www.momcozy.al\/en\/wp-json\/wp\/v2\/product\/6410","targetHints":{"allow":["GET"]}}],"collection":[{"href":"https:\/\/www.momcozy.al\/en\/wp-json\/wp\/v2\/product"}],"about":[{"href":"https:\/\/www.momcozy.al\/en\/wp-json\/wp\/v2\/types\/product"}],"wp:featuredmedia":[{"embeddable":true,"href":"https:\/\/www.momcozy.al\/en\/wp-json\/wp\/v2\/media\/6413"}],"wp:attachment":[{"href":"https:\/\/www.momcozy.al\/en\/wp-json\/wp\/v2\/media?parent=6410"}],"wp:term":[{"taxonomy":"product_brand","embeddable":true,"href":"https:\/\/www.momcozy.al\/en\/wp-json\/wp\/v2\/product_brand?post=6410"},{"taxonomy":"product_cat","embeddable":true,"href":"https:\/\/www.momcozy.al\/en\/wp-json\/wp\/v2\/product_cat?post=6410"},{"taxonomy":"product_tag","embeddable":true,"href":"https:\/\/www.momcozy.al\/en\/wp-json\/wp\/v2\/product_tag?post=6410"}],"curies":[{"name":"wp","href":"https:\/\/api.w.org\/{rel}","templated":true}]}}