{"id":6564,"date":"2025-04-08T13:35:00","date_gmt":"2025-04-08T13:35:00","guid":{"rendered":"https:\/\/momcozy.al?post_type=product&#038;p=6564"},"modified":"2025-12-01T05:21:11","modified_gmt":"2025-12-01T05:21:11","slug":"momcozy-6-in-1-ngrohes-i-biberoneve","status":"publish","type":"product","link":"https:\/\/www.momcozy.al\/en\/product\/momcozy-6-in-1-ngrohes-i-biberoneve\/","title":{"rendered":"Momcozy MW01 6-in-1 Fast Baby Bottle Warmer"},"content":{"rendered":"<p>Ngrohje e qum\u00ebshtit t\u00eb ftoht\u00eb, ngrohje e ushqimit, avullim, shkrirje, mbajtje ngroht\u00eb p\u00ebr 24 or\u00eb.<\/p>\n<p>The Momcozy Smart Bottle Warmer fits most bottle types and materials, and safely and evenly warms breast milk, formula, or baby food. With a 30% faster heat-up speed, it can bring milk from cold to the perfect drinking temperature in just 2\u20135 minutes.<\/p>\n<p><strong>Compatible with Most Bottle Brands and Materials<\/strong><br \/>\nThe Momcozy bottle warmer works with most baby bottles\u2014glass, plastic, and silicone\u2014up to 11oz. It also fits milk storage bags, allowing you to warm milk directly from the fridge while better preserving nutrients.<\/p>\n<p><strong>Ngrohja e Ushqimeve m\u00eb t\u00eb P\u00ebrshtatshme<\/strong><br \/>\nThis bottle warmer can quickly warm baby food to the ideal temperature, helping with easier digestion and better nutrient retention.<\/p>\n<p><strong>Defrost, Warm, and Keep Warm<\/strong><br \/>\nSimply place a frozen bottle or milk bag into the warmer, select the material and volume, and press the \u201cTHAW\u201d button. The device will automatically defrost, warm, and maintain the temperature for up to 24 hours, making it highly convenient and easy to use.<\/p>","protected":false},"excerpt":{"rendered":"<ul>\n<li>6-in-1 Function<\/li>\n<li>Compatible with most bottles and milk bags<\/li>\n<li>Accelerated heating speed<\/li>\n<li>Keeps warm up to 24 hours<\/li>\n<\/ul>","protected":false},"featured_media":6567,"template":"","meta":[],"product_brand":[],"product_cat":[153,99,152,133],"product_tag":[175],"class_list":{"0":"post-6564","1":"product","2":"type-product","3":"status-publish","4":"has-post-thumbnail","6":"product_cat-aksesore-ushqimore","7":"product_cat-bebe","8":"product_cat-all-categories","9":"product_cat-ngrohes-shisheje-mama","10":"product_tag-ngrohesibiberoneve-momcozyalbania-ngrohjesmart-shkrirjequmeshti-qumeshtgjiri-ushqimbebe","12":"first","13":"instock","14":"shipping-taxable","15":"purchasable","16":"product-type-simple"},"_links":{"self":[{"href":"https:\/\/www.momcozy.al\/en\/wp-json\/wp\/v2\/product\/6564","targetHints":{"allow":["GET"]}}],"collection":[{"href":"https:\/\/www.momcozy.al\/en\/wp-json\/wp\/v2\/product"}],"about":[{"href":"https:\/\/www.momcozy.al\/en\/wp-json\/wp\/v2\/types\/product"}],"wp:featuredmedia":[{"embeddable":true,"href":"https:\/\/www.momcozy.al\/en\/wp-json\/wp\/v2\/media\/6567"}],"wp:attachment":[{"href":"https:\/\/www.momcozy.al\/en\/wp-json\/wp\/v2\/media?parent=6564"}],"wp:term":[{"taxonomy":"product_brand","embeddable":true,"href":"https:\/\/www.momcozy.al\/en\/wp-json\/wp\/v2\/product_brand?post=6564"},{"taxonomy":"product_cat","embeddable":true,"href":"https:\/\/www.momcozy.al\/en\/wp-json\/wp\/v2\/product_cat?post=6564"},{"taxonomy":"product_tag","embeddable":true,"href":"https:\/\/www.momcozy.al\/en\/wp-json\/wp\/v2\/product_tag?post=6564"}],"curies":[{"name":"wp","href":"https:\/\/api.w.org\/{rel}","templated":true}]}}