{"id":6601,"date":"2025-05-09T09:57:52","date_gmt":"2025-05-09T09:57:52","guid":{"rendered":"https:\/\/momcozy.al?post_type=product&#038;p=6601"},"modified":"2025-05-09T10:26:22","modified_gmt":"2025-05-09T10:26:22","slug":"valixhe-bazike","status":"publish","type":"product","link":"https:\/\/www.momcozy.al\/en\/product\/valixhe-bazike\/","title":{"rendered":"Basic Kit"},"content":{"rendered":"<p>P\u00ebr n\u00ebnat q\u00eb po presin t\u00eb sjellin n\u00eb jet\u00eb bebin e tyre, MomCozy Basic Pack ka gjith\u00e7ka esenciale q\u00eb ju nevojitet p\u00ebr t\u00eb filluar me kujdesin e bebit dhe p\u00ebr t\u2019u kujdesur p\u00ebr veten tuaj n\u00eb k\u00ebt\u00eb periudh\u00eb t\u00eb r\u00ebnd\u00ebsishme! \u2063<\/p>\n<p>N\u00eb\u00a0<a class=\"x1i10hfl xjbqb8w x1ejq31n xd10rxx x1sy0etr x17r0tee x972fbf xcfux6l x1qhh985 xm0m39n x9f619 x1ypdohk xt0psk2 xe8uvvx xdj266r x11i5rnm xat24cr x1mh8g0r xexx8yu x4uap5 x18d9i69 xkhd6sd x16tdsg8 x1hl2dhg xggy1nq x1a2a7pz _aa9_ _a6hd\" tabindex=\"0\" role=\"link\" href=\"https:\/\/www.instagram.com\/explore\/tags\/momcozyalbania\/\">#MomCozyAlbania<\/a>\u00a0kjo paket\u00eb p\u00ebrfshin:\u2063<br \/>\n\u2063<br \/>\n\ud83c\udf38Pompa Gjiri S12 Pro \u2013 p\u00ebr nj\u00eb shtrydhje t\u00eb shpejt\u00eb dhe efikase\u2063<br \/>\n\ud83c\udf38Re\u00e7ipeta Gjidh\u00ebnie \u2013 p\u00ebr ndihm\u00eb dhe mb\u00ebshtetje gjat\u00eb ushqyerjes me gji\u2063<br \/>\n\ud83c\udf38Krem Gjiri \u2013 p\u00ebr t\u00eb mbajtur l\u00ebkur\u00ebn tuaj t\u00eb but\u00eb dhe t\u00eb hidratuar\u2063<br \/>\n\ud83c\udf38Kopeta Gjiri \u2013 p\u00ebr mbrojtje dhe siguri gjat\u00eb gjidh\u00ebnies\u2063<br \/>\n\ud83c\udf38Kujdesi Thonjve Kit p\u00ebr Bebe \u2013 p\u00ebr kujdesin e thonjve t\u00eb foshnj\u00ebs tuaj\u2063<br \/>\n\ud83c\udf38Aspiratori Nazal \u2013 p\u00ebr t\u00eb mbajtur hund\u00ebn e foshnj\u00ebs t\u00eb past\u00ebr dhe t\u00eb hapur\u2063<br \/>\n\ud83c\udf38Letra t\u00eb Lagura 99% Uj\u00eb \u2013 p\u00ebr kujdesin e l\u00ebkur\u00ebs s\u00eb foshnj\u00ebs, me nj\u00eb formul\u00eb t\u00eb but\u00eb dhe t\u00eb sigurt\u2063<br \/>\n\u2063<br \/>\nP\u00ebr nj\u00eb p\u00ebrvoj\u00eb m\u00eb t\u00eb leht\u00eb dhe m\u00eb t\u00eb rehatshme, MomCozy Basic Pack \u00ebsht\u00eb e p\u00ebrshtatshme p\u00ebr t\u00eb kaluar periudh\u00ebn para lindjes dhe p\u00ebr t\u2019u kujdesur p\u00ebr bebin tuaj n\u00eb dit\u00ebt e para!<\/p>","protected":false},"excerpt":{"rendered":"<p>-Breast Pump S12 Pro<br \/>\n-Breastfeeding Bottles<br \/>\n-Nipple Cream<br \/>\n-Breast Pads<br \/>\n-Nail Care Kit for Baby<br \/>\n-Nasal Aspirator\u2063\u2063<br \/>\n-99% Water Wet Wipes<\/p>","protected":false},"featured_media":6602,"template":"","meta":[],"product_brand":[],"product_cat":[151],"product_tag":[],"class_list":{"0":"post-6601","1":"product","2":"type-product","3":"status-publish","4":"has-post-thumbnail","6":"product_cat-valixhet","8":"first","9":"instock","10":"sale","11":"shipping-taxable","12":"purchasable","13":"product-type-simple"},"_links":{"self":[{"href":"https:\/\/www.momcozy.al\/en\/wp-json\/wp\/v2\/product\/6601","targetHints":{"allow":["GET"]}}],"collection":[{"href":"https:\/\/www.momcozy.al\/en\/wp-json\/wp\/v2\/product"}],"about":[{"href":"https:\/\/www.momcozy.al\/en\/wp-json\/wp\/v2\/types\/product"}],"wp:featuredmedia":[{"embeddable":true,"href":"https:\/\/www.momcozy.al\/en\/wp-json\/wp\/v2\/media\/6602"}],"wp:attachment":[{"href":"https:\/\/www.momcozy.al\/en\/wp-json\/wp\/v2\/media?parent=6601"}],"wp:term":[{"taxonomy":"product_brand","embeddable":true,"href":"https:\/\/www.momcozy.al\/en\/wp-json\/wp\/v2\/product_brand?post=6601"},{"taxonomy":"product_cat","embeddable":true,"href":"https:\/\/www.momcozy.al\/en\/wp-json\/wp\/v2\/product_cat?post=6601"},{"taxonomy":"product_tag","embeddable":true,"href":"https:\/\/www.momcozy.al\/en\/wp-json\/wp\/v2\/product_tag?post=6601"}],"curies":[{"name":"wp","href":"https:\/\/api.w.org\/{rel}","templated":true}]}}