{"id":6607,"date":"2025-05-09T10:10:51","date_gmt":"2025-05-09T10:10:51","guid":{"rendered":"https:\/\/momcozy.al?post_type=product&#038;p=6607"},"modified":"2025-05-09T10:20:17","modified_gmt":"2025-05-09T10:20:17","slug":"valixhe-mesatare","status":"publish","type":"product","link":"https:\/\/www.momcozy.al\/en\/product\/valixhe-mesatare\/","title":{"rendered":"Medium Suitcase"},"content":{"rendered":"<p>N\u00ebse je duke zgjedhur produktet m\u00eb gjith\u00ebp\u00ebrfshir\u00ebse dhe t\u00eb nevojshme p\u00ebr valixhen e maternitetit, \ud835\udc0c\ud835\udc1e\ud835\udc1d\ud835\udc22\ud835\udc2e\ud835\udc26 \ud835\udc01\ud835\udc1a\ud835\udc20 \ud835\udc1b\ud835\udc32 \ud835\udc0c\ud835\udc28\ud835\udc26\ud835\udc02\ud835\udc28\ud835\udc33\ud835\udc32 \ud835\udc00\ud835\udc25\ud835\udc1b\ud835\udc1a\ud835\udc27\ud835\udc22\ud835\udc1a ka menduar p\u00ebr ty! \u2063\u2063<br \/>\n\u2063\u2063<br \/>\nKjo paket\u00eb leht\u00ebson gjith\u00eb pro\u00e7esin para dhe pas lindjes. \ud83c\udf38\u2063 Ne i dim\u00eb sfidat me nj\u00eb t\u00eb sapolindur, k\u00ebshtu q\u00eb b\u00ebhu gati me produktet\u00a0<a class=\"x1i10hfl xjbqb8w x1ejq31n xd10rxx x1sy0etr x17r0tee x972fbf xcfux6l x1qhh985 xm0m39n x9f619 x1ypdohk xt0psk2 xe8uvvx xdj266r x11i5rnm xat24cr x1mh8g0r xexx8yu x4uap5 x18d9i69 xkhd6sd x16tdsg8 x1hl2dhg xggy1nq x1a2a7pz  _aa9_ _a6hd\" tabindex=\"0\" role=\"link\" href=\"https:\/\/www.instagram.com\/explore\/tags\/momcozy\/\">#MomCozy<\/a>:\u2063\u2063<br \/>\n\u2063\u2063<br \/>\n\ud83e\udd30\ud83c\udffbP\u00ebr Mamin:\u2063\u2063<br \/>\n\ud83d\udcccPompa Gjiri M5\u2063\u2063<br \/>\n\ud83d\udcccRe\u00e7ipeta Gjidh\u00ebnie\u2063\u2063<br \/>\n\ud83d\udcccXhel Gjiri Pads\u2063\u2063<br \/>\n\ud83d\udcccKopeta Gjiri\u2063\u2063<br \/>\n\ud83d\udcccPostpartum Kit\u2063\u2063<br \/>\n\ud83d\udcccKangur Bebi\u2063\u2063<br \/>\n\ud83d\udcccQese Depozitimi Qum\u00ebshti\u2063\u2063<br \/>\n\ud83d\udcccKit Lar\u00ebsi Biberonash\u2063\u2063<br \/>\n\u2063\u2063<br \/>\n\ud83d\udc76\ud83c\udffbP\u00ebr Bebin:\u2063\u2063<br \/>\n\ud83d\udcccKujdesi Thonjve\u2063\u2063<br \/>\n\ud83d\udcccAspirator Nazal\u2063\u2063<br \/>\n\ud83d\udcccLetra t\u00eb Lagura 99% Uj\u00eb\u2063\u2063<br \/>\n\ud83d\udcccNgroh\u00ebs Qum\u00ebshti\/Ushqimi\u2063\u2063<\/p>","protected":false},"excerpt":{"rendered":"<p>For Moms':<br \/>\n-Breast Pump M5<br \/>\n-Nursing Bra<br \/>\n-Breast Gel Pads\u2063\u2063<br \/>\n-Breast Shells\u2063\u2063<br \/>\n-Postpartum Kit\u2063\u2063<br \/>\n-Baby Carrier\u2063\u2063<br \/>\n-Breast Milk Storage Bags<br \/>\n-Bottle Cleaning Kit\u2063\u2063<br \/>\n\u2063\u2063<br \/>\nFor Baby:<br \/>\n-Nail Care\u2063\u2063<br \/>\n-Nasal Aspirator\u2063\u2063<br \/>\n-99% Water Wet Wipes<br \/>\n-Milk\/Food Warmer<\/p>","protected":false},"featured_media":6604,"template":"","meta":[],"product_brand":[],"product_cat":[151],"product_tag":[],"class_list":{"0":"post-6607","1":"product","2":"type-product","3":"status-publish","4":"has-post-thumbnail","6":"product_cat-valixhet","8":"first","9":"instock","10":"sale","11":"shipping-taxable","12":"purchasable","13":"product-type-simple"},"_links":{"self":[{"href":"https:\/\/www.momcozy.al\/en\/wp-json\/wp\/v2\/product\/6607","targetHints":{"allow":["GET"]}}],"collection":[{"href":"https:\/\/www.momcozy.al\/en\/wp-json\/wp\/v2\/product"}],"about":[{"href":"https:\/\/www.momcozy.al\/en\/wp-json\/wp\/v2\/types\/product"}],"wp:featuredmedia":[{"embeddable":true,"href":"https:\/\/www.momcozy.al\/en\/wp-json\/wp\/v2\/media\/6604"}],"wp:attachment":[{"href":"https:\/\/www.momcozy.al\/en\/wp-json\/wp\/v2\/media?parent=6607"}],"wp:term":[{"taxonomy":"product_brand","embeddable":true,"href":"https:\/\/www.momcozy.al\/en\/wp-json\/wp\/v2\/product_brand?post=6607"},{"taxonomy":"product_cat","embeddable":true,"href":"https:\/\/www.momcozy.al\/en\/wp-json\/wp\/v2\/product_cat?post=6607"},{"taxonomy":"product_tag","embeddable":true,"href":"https:\/\/www.momcozy.al\/en\/wp-json\/wp\/v2\/product_tag?post=6607"}],"curies":[{"name":"wp","href":"https:\/\/api.w.org\/{rel}","templated":true}]}}