{"id":6975,"date":"2025-09-10T07:58:29","date_gmt":"2025-09-10T07:58:29","guid":{"rendered":"https:\/\/www.momcozy.al\/?post_type=product&#038;p=6975"},"modified":"2025-11-12T08:42:18","modified_gmt":"2025-11-12T08:42:18","slug":"momcozy-washing-block-for-kleanpal-pro-baby-bottle-washer","status":"publish","type":"product","link":"https:\/\/www.momcozy.al\/en\/product\/momcozy-washing-block-for-kleanpal-pro-baby-bottle-washer\/","title":{"rendered":"Momcozy Washing Block for KleanPal Pro Baby Bottle Washer"},"content":{"rendered":"<p>Fuqia e fort\u00eb e pastrimit: K\u00ebto jan\u00eb projektuar posa\u00e7\u00ebrisht p\u00ebr t\u00eb hequr mbetjet kok\u00ebfort\u00eb t\u00eb qum\u00ebshtit dhe er\u00ebn.<\/p>\n<p>E p\u00ebrputhshme: Projektuar p\u00ebr t\u00eb punuar pa probleme me lar\u00ebsin e shisheve p\u00ebr f\u00ebmij\u00eb Momcozy KleanPal Pro.<\/p>\n<p>T\u00eb sigurta: Jini t\u00eb sigurt se k\u00ebto tableta lar\u00ebs me bllok jan\u00eb t\u00eb sigurta p\u00ebr f\u00ebmij\u00ebn, duke ju siguruar qetesi kur b\u00ebhet fjal\u00eb p\u00ebr sh\u00ebndetin dhe sigurin\u00eb e foshnj\u00ebs tuaj.<\/p>\n<p>Specifikimi: \u00c7do kuti p\u00ebrmban 120 tableta, me 4 qese me nga 30 tableta secila.<\/p>","protected":false},"excerpt":{"rendered":"<p><b>Fuqia e pastrimit:<\/b> Heqin mbetjet kok\u00ebfort\u00eb t\u00eb qum\u00ebshtit dhe largojn\u00eb er\u00ebn.<\/p>\n<p><b>E p\u00ebrputhshme:<\/b> Projektuar p\u00ebr lar\u00ebsen Momcozy KleanPal Pro.<\/p>\n<p><b>T\u00eb sigurta:<\/b> T\u00eb sigurta p\u00ebr p\u00ebrdorim me produkte p\u00ebr foshnje \u2013 pa rrezik p\u00ebr sh\u00ebndetin e tyre.<\/p>\n<p><b>Specifikimi:<\/b> 120 tableta gjithsej (4 qese \u00d7 30 tableta).<\/p>","protected":false},"featured_media":7096,"template":"","meta":[],"product_brand":[],"product_cat":[99],"product_tag":[223],"class_list":{"0":"post-6975","1":"product","2":"type-product","3":"status-publish","4":"has-post-thumbnail","6":"product_cat-bebe","7":"product_tag-pastrimipowerful-heqereratdhequmeshtin-permomcozykleanpalpro-esigurtperbebet-120tableta-4qese-30tabletasecila","9":"first","10":"instock","11":"shipping-taxable","12":"purchasable","13":"product-type-simple"},"_links":{"self":[{"href":"https:\/\/www.momcozy.al\/en\/wp-json\/wp\/v2\/product\/6975","targetHints":{"allow":["GET"]}}],"collection":[{"href":"https:\/\/www.momcozy.al\/en\/wp-json\/wp\/v2\/product"}],"about":[{"href":"https:\/\/www.momcozy.al\/en\/wp-json\/wp\/v2\/types\/product"}],"wp:featuredmedia":[{"embeddable":true,"href":"https:\/\/www.momcozy.al\/en\/wp-json\/wp\/v2\/media\/7096"}],"wp:attachment":[{"href":"https:\/\/www.momcozy.al\/en\/wp-json\/wp\/v2\/media?parent=6975"}],"wp:term":[{"taxonomy":"product_brand","embeddable":true,"href":"https:\/\/www.momcozy.al\/en\/wp-json\/wp\/v2\/product_brand?post=6975"},{"taxonomy":"product_cat","embeddable":true,"href":"https:\/\/www.momcozy.al\/en\/wp-json\/wp\/v2\/product_cat?post=6975"},{"taxonomy":"product_tag","embeddable":true,"href":"https:\/\/www.momcozy.al\/en\/wp-json\/wp\/v2\/product_tag?post=6975"}],"curies":[{"name":"wp","href":"https:\/\/api.w.org\/{rel}","templated":true}]}}