{"id":6976,"date":"2025-09-10T09:04:58","date_gmt":"2025-09-10T09:04:58","guid":{"rendered":"https:\/\/www.momcozy.al\/?post_type=product&#038;p=6976"},"modified":"2025-10-11T10:07:08","modified_gmt":"2025-10-11T10:07:08","slug":"momcozy-multi-function-baby-scale-weight-height-measurement","status":"publish","type":"product","link":"https:\/\/www.momcozy.al\/en\/product\/momcozy-multi-function-baby-scale-weight-height-measurement\/","title":{"rendered":"Momcozy Multi- Function Baby Scale &#8211; Weight &#038; Height Measurement"},"content":{"rendered":"<p>Kjo peshore dixhitale siguron matje t\u00eb besueshme t\u00eb pesh\u00ebs me nj\u00eb gam\u00eb t\u00eb gjer\u00eb kapacitetesh ngarkese nga 0.1lb\/50g deri n\u00eb 330lb\/150kg (Max); \u00ebsht\u00eb i p\u00ebrshtatsh\u00ebm jo vet\u00ebm p\u00ebr foshnjat, por edhe p\u00ebr t\u00eb vegjlit, kafsh\u00ebt sht\u00ebpiake (k\u00eblysh\u00ebt, macet&#8230;), madje edhe t\u00eb rriturit deri n\u00eb 330 lb; Me nj\u00eb gam\u00eb t\u00eb gjer\u00eb prej 5 matjesh, \u00ebsht\u00eb e leht\u00eb t\u00eb zgjidhni nj\u00ebsin\u00eb midis lb: oz, oz, lb, g dhe kg. Zgjedhje e shk\u00eblqyeshme p\u00ebr familje t\u00eb ndryshme me foshnja, f\u00ebmij\u00eb t\u00eb vegj\u00ebl ose kafsh\u00eb sht\u00ebpiake.<\/p>","protected":false},"excerpt":{"rendered":"<p>Kapacitet matjeje nga 0.1 lb \/ 50 g deri n\u00eb 330 lb \/ 150 kg<\/p>\n<p>E p\u00ebrshtatshme p\u00ebr foshnje, f\u00ebmij\u00eb t\u00eb vegj\u00ebl, kafsh\u00eb sht\u00ebpiake dhe t\u00eb rritur<\/p>\n<p>Matje t\u00eb sakta dhe t\u00eb besueshme<\/p>\n<p>5 nj\u00ebsi matjeje: lb:oz, oz, lb, g, kg<\/p>\n<p>Praktike p\u00ebr p\u00ebrdorim familjar dhe p\u00ebr kujdesin ndaj kafsh\u00ebve<\/p>\n<p>Leht\u00eb p\u00ebr t\u2019u p\u00ebrdorur dhe p\u00ebr t\u2019u lexuar<\/p>","protected":false},"featured_media":6977,"template":"","meta":[],"product_brand":[],"product_cat":[99],"product_tag":[224],"class_list":{"0":"post-6976","1":"product","2":"type-product","3":"status-publish","4":"has-post-thumbnail","6":"product_cat-bebe","7":"product_tag-peshoredixhitale-matjeesakte-foshnjeeshendetshme-peshoreperfemije-peshoreperkafshe-peshorefamiljare-rritjeefemijeve-kujdesperfoshnjat-matjeelehte-teknologjineshtepi","9":"first","10":"instock","11":"shipping-taxable","12":"purchasable","13":"product-type-simple"},"_links":{"self":[{"href":"https:\/\/www.momcozy.al\/en\/wp-json\/wp\/v2\/product\/6976","targetHints":{"allow":["GET"]}}],"collection":[{"href":"https:\/\/www.momcozy.al\/en\/wp-json\/wp\/v2\/product"}],"about":[{"href":"https:\/\/www.momcozy.al\/en\/wp-json\/wp\/v2\/types\/product"}],"wp:featuredmedia":[{"embeddable":true,"href":"https:\/\/www.momcozy.al\/en\/wp-json\/wp\/v2\/media\/6977"}],"wp:attachment":[{"href":"https:\/\/www.momcozy.al\/en\/wp-json\/wp\/v2\/media?parent=6976"}],"wp:term":[{"taxonomy":"product_brand","embeddable":true,"href":"https:\/\/www.momcozy.al\/en\/wp-json\/wp\/v2\/product_brand?post=6976"},{"taxonomy":"product_cat","embeddable":true,"href":"https:\/\/www.momcozy.al\/en\/wp-json\/wp\/v2\/product_cat?post=6976"},{"taxonomy":"product_tag","embeddable":true,"href":"https:\/\/www.momcozy.al\/en\/wp-json\/wp\/v2\/product_tag?post=6976"}],"curies":[{"name":"wp","href":"https:\/\/api.w.org\/{rel}","templated":true}]}}