{"id":6981,"date":"2025-09-10T09:29:02","date_gmt":"2025-09-10T09:29:02","guid":{"rendered":"https:\/\/www.momcozy.al\/?post_type=product&#038;p=6981"},"modified":"2025-09-30T13:39:06","modified_gmt":"2025-09-30T13:39:06","slug":"momcozy-all-in-1-core-baby-kit","status":"publish","type":"product","link":"https:\/\/www.momcozy.al\/en\/product\/momcozy-all-in-1-core-baby-kit\/","title":{"rendered":"Momcozy All-in-1 Core Baby Kit 0 Muaj +"},"content":{"rendered":"<p>Momcozy All-in-1 Core Baby Kit \u00ebsht\u00eb nj\u00eb set i gjithansh\u00ebm p\u00ebr kujdesin e foshnj\u00ebs, i p\u00ebrshtatsh\u00ebm p\u00ebr foshnjat nga lindja (0 muajsh e lart). Ky komplet p\u00ebrfshin t\u00eb gjitha mjetet thelb\u00ebsore p\u00ebr higjien\u00ebn dhe kujdesin e p\u00ebrditsh\u00ebm t\u00eb foshnj\u00ebs, duke e b\u00ebr\u00eb at\u00eb nj\u00eb zgjedhje ideale p\u00ebr prind\u00ebrit e rinj ose si dhurat\u00eb p\u00ebr baby shower.<\/p>\n<p><b>\u00c7far\u00eb p\u00ebrfshin kompleti:<\/b><\/p>\n<ul>\n<li><b>G\u00ebrsh\u00ebr\u00eb p\u00ebr thonjt\u00eb<\/b> me maj\u00eb t\u00eb rrumbullak\u00ebt p\u00ebr prerje t\u00eb sigurt<\/li>\n<li><b>Prerese\u00a0p\u00ebr thonjt\u00eb<\/b> t\u00eb dizajnuara p\u00ebr thonjt\u00eb e vegj\u00ebl t\u00eb foshnj\u00ebs<\/li>\n<li><b>Lime\u00a0p\u00ebr thonjt\u00eb<\/b> p\u00ebr zbutjen e skajeve t\u00eb mprehta<\/li>\n<li><b>Aspirator nazal<\/b> i but\u00eb dhe i leht\u00eb p\u00ebr p\u00ebrdorim me nj\u00eb dor\u00eb<\/li>\n<li><b>Tuba p\u00ebr leht\u00ebsimin e gazrave<\/b> p\u00ebr t\u00eb ndihmuar n\u00eb \u00e7lirimin e gazrave t\u00eb bllokuara<\/li>\n<li><b>Fur\u00e7\u00eb p\u00ebr banj\u00eb<\/b> dhe <b>fur\u00e7\u00eb p\u00ebr kapakun e djepit<\/b> p\u00ebr pastrim t\u00eb but\u00eb<\/li>\n<li><b>Fur\u00e7\u00eb dh\u00ebmb\u00ebsh p\u00ebr gisht<\/b> p\u00ebr higjien\u00ebn orale t\u00eb hershme<\/li>\n<li><b>Kreh\u00ebr p\u00ebr foshnja<\/b> me dizajn t\u00eb but\u00eb dhe t\u00eb p\u00ebrshtatsh\u00ebm p\u00ebr kok\u00ebn e foshnj\u00ebs<\/li>\n<li><b>\u00c7ant\u00eb ruajtjeje<\/b> p\u00ebr organizim dhe transport t\u00eb leht\u00eb<\/li>\n<\/ul>","protected":false},"excerpt":{"rendered":"<ul>\n<li><b>Materiale t\u00eb sigurta dhe t\u00eb buta<\/b> p\u00ebr l\u00ebkur\u00ebn delikate t\u00eb foshnj\u00ebs<\/li>\n<li><b>Dizajn neutral n\u00eb ngjyr\u00eb<\/b> i p\u00ebrshtatsh\u00ebm p\u00ebr djem dhe vajza<\/li>\n<li><b>\u00c7ant\u00eb portative<\/b> q\u00eb e b\u00ebn t\u00eb leht\u00eb p\u00ebr ta marr\u00eb me vete gjat\u00eb udh\u00ebtimeve<\/li>\n<li><b>E p\u00ebrkryer si dhurat\u00eb<\/b> p\u00ebr baby shower, dit\u00eblindje ose raste t\u00eb tjera t\u00eb ve\u00e7anta<\/li>\n<\/ul>","protected":false},"featured_media":6982,"template":"","meta":[],"product_brand":[],"product_cat":[99,106],"product_tag":[264],"class_list":{"0":"post-6981","1":"product","2":"type-product","3":"status-publish","4":"has-post-thumbnail","6":"product_cat-bebe","7":"product_cat-kujdesi-bebes","8":"product_tag-momcozy-setperbebe-aksesorebebe-perfoshnja-kujdesiibebes-0muajplus-setiploteperbeb","10":"first","11":"instock","12":"shipping-taxable","13":"purchasable","14":"product-type-simple"},"_links":{"self":[{"href":"https:\/\/www.momcozy.al\/en\/wp-json\/wp\/v2\/product\/6981","targetHints":{"allow":["GET"]}}],"collection":[{"href":"https:\/\/www.momcozy.al\/en\/wp-json\/wp\/v2\/product"}],"about":[{"href":"https:\/\/www.momcozy.al\/en\/wp-json\/wp\/v2\/types\/product"}],"wp:featuredmedia":[{"embeddable":true,"href":"https:\/\/www.momcozy.al\/en\/wp-json\/wp\/v2\/media\/6982"}],"wp:attachment":[{"href":"https:\/\/www.momcozy.al\/en\/wp-json\/wp\/v2\/media?parent=6981"}],"wp:term":[{"taxonomy":"product_brand","embeddable":true,"href":"https:\/\/www.momcozy.al\/en\/wp-json\/wp\/v2\/product_brand?post=6981"},{"taxonomy":"product_cat","embeddable":true,"href":"https:\/\/www.momcozy.al\/en\/wp-json\/wp\/v2\/product_cat?post=6981"},{"taxonomy":"product_tag","embeddable":true,"href":"https:\/\/www.momcozy.al\/en\/wp-json\/wp\/v2\/product_tag?post=6981"}],"curies":[{"name":"wp","href":"https:\/\/api.w.org\/{rel}","templated":true}]}}