{"id":7001,"date":"2025-09-10T10:16:12","date_gmt":"2025-09-10T10:16:12","guid":{"rendered":"https:\/\/www.momcozy.al\/?post_type=product&#038;p=7001"},"modified":"2025-10-06T08:57:17","modified_gmt":"2025-10-06T08:57:17","slug":"momcozy-bm03-5-5-inch-full-hd-video-baby-monitor","status":"publish","type":"product","link":"https:\/\/www.momcozy.al\/en\/product\/momcozy-bm03-5-5-inch-full-hd-video-baby-monitor\/","title":{"rendered":"Momcozy BM03 5.5-Inch Full HD Video Baby Monitor"},"content":{"rendered":"<p>Prezantojm\u00eb Monitorin e ri Video p\u00ebr Bebin Momcozy (BM03), i projektuar si p\u00ebr prind\u00ebrit e rinj ashtu edhe p\u00ebr ata t\u00eb z\u00ebn\u00eb, duke p\u00ebrqafuar thelbin e &#8220;prind\u00ebrimit inteligjent&#8221;.<\/p>\n<p>Ekrani i madh 5.5 in\u00e7, me rezolucion t\u00eb lart\u00eb 1080P ofron nj\u00eb pamje t\u00eb qart\u00eb kristalore t\u00eb foshnj\u00ebs suaj n\u00eb \u00e7do moment, nd\u00ebrsa bateria e madhe 5800mAh zgjat dit\u00eb e nat\u00eb. Sinjali i fort\u00eb mb\u00ebshtet nj\u00eb rreze mbres\u00ebl\u00ebn\u00ebse prej 1640 metrash dhe \u00ebsht\u00eb i pandalsh\u00ebm nga 2 mure, k\u00ebshtu q\u00eb mund ta kontrolloni t\u00eb voglin tuaj n\u00eb kuzhin\u00eb ose n\u00eb dhom\u00ebn e ndenjes.<\/p>\n<p>P\u00ebrve\u00e7 k\u00ebsaj, monitori yn\u00eb video p\u00ebr bebin mund t\u00eb zbuloj\u00eb l\u00ebvizjen e foshnj\u00ebs, t\u00eb regjistroj\u00eb video nj\u00ebminut\u00ebshe dhe t&#8217;i ruaj\u00eb ato n\u00eb kart\u00ebn e ruajtjes SD t\u00eb p\u00ebrfshir\u00eb p\u00ebr t&#8217;i luajtur m\u00eb von\u00eb. Gjithashtu mund t\u00eb b\u00ebni nj\u00eb foto me shtypjen e nj\u00eb butoni. K\u00ebshtu q\u00eb nuk do t&#8217;ju mungojn\u00eb momentet e ve\u00e7anta t\u00eb foshnj\u00ebs suaj.<\/p>\n<p>Mos humbisni asnj\u00eb l\u00ebvizje t\u00eb vetme<\/p>\n<p><b>Panoramim 360\u00b0 dhe anim 140\u00b0.<\/b><\/p>\n<p>Kontrolloni nga distanca kamer\u00ebn p\u00ebr t\u00eb l\u00ebvizur n\u00eb panoram\u00eb dhe anim n\u00ebp\u00ebrmjet nj\u00ebsis\u00eb s\u00eb prindit. Shijoni nj\u00eb pamje t\u00eb gjithanshme t\u00eb dhom\u00ebs s\u00eb f\u00ebmij\u00ebs.<\/p>\n<p>L\u00ebreni z\u00ebrin tuaj t\u00eb b\u00ebj\u00eb mrekulli<\/p>\n<p><b>Bised\u00eb dypal\u00ebshe.<\/b><\/p>\n<p>Ngush\u00eblloni menj\u00ebher\u00eb foshnj\u00ebn tuaj me z\u00ebrin tuaj kur b\u00ebhet i bezdissh\u00ebm ose qan. Kamera fillon t\u00eb regjistroj\u00eb video 1-minut\u00ebshe sapo t\u00eb zbuloj\u00eb l\u00ebvizjen e foshnj\u00ebs. Gjithashtu mund t\u00eb b\u00ebni nj\u00eb foto duke shtypur nj\u00eb buton n\u00eb monitor.<\/p>\n<p>Lidh deri n\u00eb 4 kamera<\/p>\n<p>Kujdesuni p\u00ebr t\u00eb gjith\u00eb familjen tuaj<\/p>\n<p>Kamerat shtes\u00eb ju lejojn\u00eb t\u00eb monitoroni dhoma t\u00eb shumta n\u00eb t\u00eb nj\u00ebjt\u00ebn koh\u00eb, k\u00ebshtu q\u00eb mund t\u00eb mbani n\u00ebn v\u00ebzhgim f\u00ebmij\u00ebt, t\u00eb moshuarit dhe kafsh\u00ebt sht\u00ebpiake.<\/p>\n<p>Sigurohuni q\u00eb foshnja t\u00eb jet\u00eb gjithmon\u00eb i rehatsh\u00ebm<\/p>\n<p><b>Alarm p\u00ebr Temperatur\u00ebn<\/b><\/p>\n<p>Monitoroni leht\u00ebsisht temperatur\u00ebn e dhom\u00ebs s\u00eb f\u00ebmij\u00ebve n\u00eb ekran dhe merrni nj\u00eb njoftim n\u00ebse ajo shkon p\u00ebrtej diapazonit t\u00eb paracaktuar.<\/p>","protected":false},"excerpt":{"rendered":"<ul data-start=\"93\" data-end=\"359\">\n<li data-start=\"93\" data-end=\"121\">\n<p data-start=\"95\" data-end=\"121\">Ekran 5.5&#8243; Full HD 1080P<\/p>\n<\/li>\n<li data-start=\"122\" data-end=\"161\">\n<p data-start=\"124\" data-end=\"161\">Bateri 5800mAh \u2013 zgjat gjith\u00eb dit\u00ebn<\/p>\n<\/li>\n<li data-start=\"162\" data-end=\"190\">\n<p data-start=\"164\" data-end=\"190\">Rreze sinjali deri 1640m<\/p>\n<\/li>\n<li data-start=\"191\" data-end=\"221\">\n<p data-start=\"193\" data-end=\"221\">Panoramim 360\u00b0 &amp; anim 140\u00b0<\/p>\n<\/li>\n<li data-start=\"222\" data-end=\"253\">\n<p data-start=\"224\" data-end=\"253\">Regjistron video &amp; b\u00ebn foto<\/p>\n<\/li>\n<li data-start=\"254\" data-end=\"291\">\n<p data-start=\"256\" data-end=\"291\">Audio dypal\u00ebshe (flisni me beben)<\/p>\n<\/li>\n<li data-start=\"292\" data-end=\"313\">\n<p data-start=\"294\" data-end=\"313\">Alarm temperature<\/p>\n<\/li>\n<li data-start=\"314\" data-end=\"335\">\n<p data-start=\"316\" data-end=\"335\">P\u00ebrfshin kart\u00eb SD<\/p>\n<\/li>\n<li data-start=\"336\" data-end=\"359\">\n<p data-start=\"338\" data-end=\"359\">Lidh deri n\u00eb 4 kamera<\/p>\n<\/li>\n<\/ul>","protected":false},"featured_media":7003,"template":"","meta":[],"product_brand":[],"product_cat":[99,118],"product_tag":[228],"class_list":{"0":"post-7001","1":"product","2":"type-product","3":"status-publish","4":"has-post-thumbnail","6":"product_cat-bebe","7":"product_cat-pajisje-per-te-monitoruar-bebin","8":"product_tag-momcozy-bm03-babymonitor-video","10":"first","11":"instock","12":"shipping-taxable","13":"purchasable","14":"product-type-simple"},"_links":{"self":[{"href":"https:\/\/www.momcozy.al\/en\/wp-json\/wp\/v2\/product\/7001","targetHints":{"allow":["GET"]}}],"collection":[{"href":"https:\/\/www.momcozy.al\/en\/wp-json\/wp\/v2\/product"}],"about":[{"href":"https:\/\/www.momcozy.al\/en\/wp-json\/wp\/v2\/types\/product"}],"wp:featuredmedia":[{"embeddable":true,"href":"https:\/\/www.momcozy.al\/en\/wp-json\/wp\/v2\/media\/7003"}],"wp:attachment":[{"href":"https:\/\/www.momcozy.al\/en\/wp-json\/wp\/v2\/media?parent=7001"}],"wp:term":[{"taxonomy":"product_brand","embeddable":true,"href":"https:\/\/www.momcozy.al\/en\/wp-json\/wp\/v2\/product_brand?post=7001"},{"taxonomy":"product_cat","embeddable":true,"href":"https:\/\/www.momcozy.al\/en\/wp-json\/wp\/v2\/product_cat?post=7001"},{"taxonomy":"product_tag","embeddable":true,"href":"https:\/\/www.momcozy.al\/en\/wp-json\/wp\/v2\/product_tag?post=7001"}],"curies":[{"name":"wp","href":"https:\/\/api.w.org\/{rel}","templated":true}]}}