{"id":7029,"date":"2025-09-10T11:02:27","date_gmt":"2025-09-10T11:02:27","guid":{"rendered":"https:\/\/www.momcozy.al\/?post_type=product&#038;p=7029"},"modified":"2025-09-10T11:08:51","modified_gmt":"2025-09-10T11:08:51","slug":"momcozy-hip-seat-baby-carrier-black-medium","status":"publish","type":"product","link":"https:\/\/www.momcozy.al\/en\/product\/momcozy-hip-seat-baby-carrier-black-medium\/","title":{"rendered":"Momcozy Hip Seat Baby Carrier Black Medium"},"content":{"rendered":"<div class=\"page\" title=\"Page 7\">\n<div class=\"section\">\n<div class=\"layoutArea\">\n<div class=\"column\">\n<p>Mbe\u0308shtetje novatore 3D e barkut dhe mesit: Mbe\u0308shtetja origjinale 3D e barkut dhe rripi i zgjeruar i belit pe\u0308rmbajne\u0308 nje\u0308 jaste\u0308k masazhi qe\u0308 lehte\u0308son presionin e barkut. Sedilja shpe\u0308rndan ne\u0308 me\u0308nyre\u0308 te\u0308 barabarte\u0308 peshe\u0308n e foshnje\u0308s, duke lehte\u0308suar presionin mbi shpine\u0308n dhe shpatullat e prinde\u0308rve. Shiriti magjik i zgjeruar dhe dizajni i shtre\u0308ngimit ofrojne\u0308 mbrojtje te\u0308 dyfishte\u0308 pe\u0308r ijet tuaja.<br \/>\nDizajn i rehatshe\u0308m dhe ergonomik: Sedilja e dizajnuar ne\u0308 me\u0308nyre\u0308 ergonomike vendos ijet e foshnje\u0308s tuaj ne\u0308 pozicionin &#8220;M&#8221; te\u0308 rekomanduar nga pediatria, duke reduktuar tendosjen ne\u0308 shtylle\u0308n kurrizore te\u0308 te\u0308 rriturit. Sedilja me pjerre\u0308si 30 grade\u0308 sjell trupin e foshnje\u0308s tuaj me\u0308 afe\u0308r jush pe\u0308r siguri me\u0308 te\u0308 madhe dhe nje\u0308 pe\u0308rvoje\u0308 me\u0308 intime.<\/p>\n<\/div>\n<\/div>\n<\/div>\n<\/div>","protected":false},"excerpt":{"rendered":"<ul data-start=\"183\" data-end=\"542\">\n<li data-start=\"183\" data-end=\"219\">\n<p data-start=\"185\" data-end=\"219\">Mb\u00ebshtetje 3D p\u00ebr barkun &amp; mesit<\/p>\n<\/li>\n<li data-start=\"220\" data-end=\"265\">\n<p data-start=\"222\" data-end=\"265\">Jast\u00ebk masazhi p\u00ebr leht\u00ebsimin e presionit<\/p>\n<\/li>\n<li data-start=\"266\" data-end=\"331\">\n<p data-start=\"268\" data-end=\"331\">Rrip beli i zgjeruar &amp; shirit magjik p\u00ebr mbrojtje t\u00eb dyfisht\u00eb<\/p>\n<\/li>\n<li data-start=\"332\" data-end=\"386\">\n<p data-start=\"334\" data-end=\"386\">Sedilje q\u00eb shp\u00ebrndan pesh\u00ebn n\u00eb m\u00ebnyr\u00eb t\u00eb barabart\u00eb<\/p>\n<\/li>\n<li data-start=\"387\" data-end=\"431\">\n<p data-start=\"389\" data-end=\"431\">Redukton ngarkes\u00ebn n\u00eb shpin\u00eb &amp; shpatulla<\/p>\n<\/li>\n<li data-start=\"432\" data-end=\"498\">\n<p data-start=\"434\" data-end=\"498\">Pozicion &#8220;M&#8221; p\u00ebr ijet e foshnj\u00ebs \u2013 i rekomanduar nga pediatria<\/p>\n<\/li>\n<li data-start=\"499\" data-end=\"542\">\n<p data-start=\"501\" data-end=\"542\">Pjerr\u00ebsi 30\u00b0 p\u00ebr m\u00eb shum\u00eb siguri &amp; af\u00ebrsi<\/p>\n<\/li>\n<\/ul>","protected":false},"featured_media":7030,"template":"","meta":[],"product_brand":[],"product_cat":[99],"product_tag":[230],"class_list":{"0":"post-7029","1":"product","2":"type-product","3":"status-publish","4":"has-post-thumbnail","6":"product_cat-bebe","7":"product_tag-momcozy-mbajtesefoshnje-ergonomike-mbeshtetje3d-pozicionim-prinderterinj-babycarrier-kujdesfoshnje","9":"first","10":"instock","11":"shipping-taxable","12":"purchasable","13":"product-type-simple"},"_links":{"self":[{"href":"https:\/\/www.momcozy.al\/en\/wp-json\/wp\/v2\/product\/7029","targetHints":{"allow":["GET"]}}],"collection":[{"href":"https:\/\/www.momcozy.al\/en\/wp-json\/wp\/v2\/product"}],"about":[{"href":"https:\/\/www.momcozy.al\/en\/wp-json\/wp\/v2\/types\/product"}],"wp:featuredmedia":[{"embeddable":true,"href":"https:\/\/www.momcozy.al\/en\/wp-json\/wp\/v2\/media\/7030"}],"wp:attachment":[{"href":"https:\/\/www.momcozy.al\/en\/wp-json\/wp\/v2\/media?parent=7029"}],"wp:term":[{"taxonomy":"product_brand","embeddable":true,"href":"https:\/\/www.momcozy.al\/en\/wp-json\/wp\/v2\/product_brand?post=7029"},{"taxonomy":"product_cat","embeddable":true,"href":"https:\/\/www.momcozy.al\/en\/wp-json\/wp\/v2\/product_cat?post=7029"},{"taxonomy":"product_tag","embeddable":true,"href":"https:\/\/www.momcozy.al\/en\/wp-json\/wp\/v2\/product_tag?post=7029"}],"curies":[{"name":"wp","href":"https:\/\/api.w.org\/{rel}","templated":true}]}}