{"id":7061,"date":"2025-09-10T12:47:55","date_gmt":"2025-09-10T12:47:55","guid":{"rendered":"https:\/\/www.momcozy.al\/?post_type=product&#038;p=7061"},"modified":"2026-03-09T08:15:24","modified_gmt":"2026-03-09T08:15:24","slug":"momcozy-comfortable-f-shaped-pregnancy-pillow","status":"publish","type":"product","link":"https:\/\/www.momcozy.al\/en\/product\/momcozy-comfortable-f-shaped-pregnancy-pillow\/","title":{"rendered":"Momcozy Comfortable F Shaped Pregnancy Pillow"},"content":{"rendered":"<div class=\"page\" title=\"Page 10\">\n<div class=\"section\">\n<div class=\"layoutArea\">\n<div class=\"column\">\n<p>I projektuar pe\u0308r te\u0308 pe\u0308rqafuar te\u0308 gjithe\u0308 trupin tuaj dhe pe\u0308r te\u0308 ofruar mbe\u0308shtetje nga shpina ne\u0308 bark pe\u0308r rehati maksimale. Ai ofron mbe\u0308shtetje pe\u0308r shpine\u0308n, barkun, ijet, gjunje\u0308t dhe ke\u0308mbe\u0308t, duke ju ndihmuar te\u0308 arrini nje\u0308 gjume\u0308 te\u0308 qete\u0308 te\u0308 nate\u0308s pa u le\u0308kundur e rrotull.<br \/>\nJaste\u0308ku yne\u0308 lehte\u0308son shqete\u0308simet e lidhura me shtatze\u0308nine\u0308, dhimbjet e nervit shiatik, fibromialgjine\u0308, refluksin gastrik, dhimbjen e shpine\u0308s dhe me\u0308 shume\u0308. Ju ndihmon te\u0308 merrni fryme\u0308 me\u0308 lehte\u0308, nxit qarkullimin me\u0308 te\u0308 mire\u0308 dhe ndihmon ne\u0308 relaksimin e muskujve. I thoni lamtumire\u0308 shqete\u0308simit dhe shijoni gjume\u0308 me\u0308 te\u0308 mire\u0308 me jaste\u0308kun tone\u0308!<\/p>\n<\/div>\n<\/div>\n<\/div>\n<\/div>","protected":false},"excerpt":{"rendered":"<ul>\n<li data-start=\"152\" data-end=\"205\">\n<p data-start=\"154\" data-end=\"205\">Mb\u00ebshtet: shpin\u00ebn, barkun, ijet, gjunj\u00ebt &amp; k\u00ebmb\u00ebt<\/p>\n<\/li>\n<li data-start=\"206\" data-end=\"258\">\n<p data-start=\"208\" data-end=\"258\">Leht\u00ebson dhimbjet e shtatz\u00ebnis\u00eb &amp; nervit shiatik<\/p>\n<\/li>\n<li data-start=\"259\" data-end=\"314\">\n<p data-start=\"261\" data-end=\"314\">Ndihmon me refluksin, fibromialgjin\u00eb &amp; frym\u00ebmarrjen<\/p>\n<\/li>\n<li data-start=\"315\" data-end=\"360\">\n<p data-start=\"317\" data-end=\"360\">P\u00ebrmir\u00ebson qarkullimin &amp; relakson muskujt<\/p>\n<\/li>\n<li data-start=\"361\" data-end=\"402\">\n<p data-start=\"363\" data-end=\"402\">Nxit gjum\u00eb t\u00eb qet\u00eb dhe rehati maksimale<\/p>\n<\/li>\n<\/ul>","protected":false},"featured_media":7062,"template":"","meta":[],"product_brand":[],"product_cat":[120,98],"product_tag":[236],"class_list":{"0":"post-7061","1":"product","2":"type-product","3":"status-publish","4":"has-post-thumbnail","6":"product_cat-jastek-shatezanie","7":"product_cat-mama","8":"product_tag-momcozy-jastekshtatzenie-mbeshtetjetrupi-gjumekomod-shtatzenipadhimbje-maternitypillow-comfortformoms","10":"first","11":"outofstock","12":"shipping-taxable","13":"purchasable","14":"product-type-variable"},"_links":{"self":[{"href":"https:\/\/www.momcozy.al\/en\/wp-json\/wp\/v2\/product\/7061","targetHints":{"allow":["GET"]}}],"collection":[{"href":"https:\/\/www.momcozy.al\/en\/wp-json\/wp\/v2\/product"}],"about":[{"href":"https:\/\/www.momcozy.al\/en\/wp-json\/wp\/v2\/types\/product"}],"wp:featuredmedia":[{"embeddable":true,"href":"https:\/\/www.momcozy.al\/en\/wp-json\/wp\/v2\/media\/7062"}],"wp:attachment":[{"href":"https:\/\/www.momcozy.al\/en\/wp-json\/wp\/v2\/media?parent=7061"}],"wp:term":[{"taxonomy":"product_brand","embeddable":true,"href":"https:\/\/www.momcozy.al\/en\/wp-json\/wp\/v2\/product_brand?post=7061"},{"taxonomy":"product_cat","embeddable":true,"href":"https:\/\/www.momcozy.al\/en\/wp-json\/wp\/v2\/product_cat?post=7061"},{"taxonomy":"product_tag","embeddable":true,"href":"https:\/\/www.momcozy.al\/en\/wp-json\/wp\/v2\/product_tag?post=7061"}],"curies":[{"name":"wp","href":"https:\/\/api.w.org\/{rel}","templated":true}]}}