{"id":7074,"date":"2025-09-11T12:00:17","date_gmt":"2025-09-11T12:00:17","guid":{"rendered":"https:\/\/www.momcozy.al\/?post_type=product&#038;p=7074"},"modified":"2026-02-14T07:14:09","modified_gmt":"2026-02-14T07:14:09","slug":"momcozy-original-f-shape-pregnancy-pillow-with-air-layer-cover-grey","status":"publish","type":"product","link":"https:\/\/www.momcozy.al\/en\/product\/momcozy-original-f-shape-pregnancy-pillow-with-air-layer-cover-grey\/","title":{"rendered":"Momcozy Original F Shape Pregnancy Pillow with Air Layer Cover Grey"},"content":{"rendered":"<p>Jast\u00ebku Momcozy Original n\u00eb form\u00eb F p\u00ebr shtatz\u00ebnin\u00eb \u00ebsht\u00eb projektuar p\u00ebr t\u00eb p\u00ebrqafuar t\u00eb gjith\u00eb trupin tuaj p\u00ebr mb\u00ebshtetje t\u00eb plot\u00eb gjat\u00eb shtatz\u00ebnis\u00eb, duke kombinuar p\u00ebrfitimet e jast\u00ebk\u00ebve n\u00eb form\u00eb J dhe atyre n\u00eb form\u00eb pyk\u00eb. Me nj\u00eb mbules\u00eb t\u00eb rregullueshme p\u00ebr barkun dhe nj\u00eb shtres\u00eb ajri q\u00eb lejon frym\u00ebmarrjen, ai leht\u00ebson shqet\u00ebsimin gjat\u00eb shtatz\u00ebnis\u00eb, p\u00ebrmir\u00ebson cil\u00ebsin\u00eb e gjumit dhe mb\u00ebshtet nevoja t\u00eb ndryshme p\u00ebr pushim dhe ushqyerje me gji &#8211; edhe pas lindjes.<\/p>\n<ul class=\"a-unordered-list a-vertical a-spacing-mini\">\n<li class=\"a-spacing-mini\"><span class=\"a-list-item\"><strong>Jast\u00ebk Materniteti me Dizajn Origjinal n\u00eb Form\u00eb F <\/strong>&#8211; P\u00ebrzierja perfekte e jast\u00ebkut n\u00eb form\u00eb J dhe jast\u00ebkut pyk\u00eb n\u00eb form\u00eb W p\u00ebrqafon t\u00eb gjith\u00eb trupin tuaj dhe p\u00ebrshtatet n\u00eb t\u00eb dyja an\u00ebt, nga shpina deri te barku, p\u00ebr rehati maksimale. Ofron mb\u00ebshtetje p\u00ebr shpin\u00ebn, barkun, vithet, gjunj\u00ebt, k\u00ebmb\u00ebt, duke ju b\u00ebr\u00eb t\u00eb flini nj\u00eb nat\u00eb t\u00eb qet\u00eb pa u tundur e rrotulluar.<\/span><\/li>\n<li class=\"a-spacing-mini\"><span class=\"a-list-item\"><strong>Perfekt p\u00ebr t\u00eb gjith\u00eb<\/strong> &#8211; Ndihmon me shqet\u00ebsimet q\u00eb lidhen me shtatz\u00ebnin\u00eb, shiatikun, fibromialgjin\u00eb, refluksin gastrik, dhimbjet e shpin\u00ebs dhe m\u00eb shum\u00eb. Kjo ju b\u00ebn t\u00eb merrni frym\u00eb m\u00eb leht\u00eb, nxit qarkullimin m\u00eb t\u00eb mir\u00eb dhe ndihmon n\u00eb relaksimin e muskujve. Thuajini lamtumir\u00eb shqet\u00ebsimit dhe p\u00ebrsh\u00ebndetni nj\u00eb gjum\u00eb m\u00eb t\u00eb mir\u00eb me jast\u00ebk\u00ebt tan\u00eb!<\/span><\/li>\n<li class=\"a-spacing-mini\"><span class=\"a-list-item\"><strong>Jast\u00ebk fleksib\u00ebl me form\u00eb pyke p\u00ebr barkun <\/strong>&#8211; I pajisur me jast\u00ebk t\u00eb rregulluesh\u00ebm me form\u00eb pyke, ju mund ta rregulloni lirisht velcro-n sipas madh\u00ebsis\u00eb s\u00eb barkut tuaj. Mund t\u00eb jet\u00eb i p\u00ebrshtatsh\u00ebm p\u00ebr t\u00eb gjitha tremujor\u00ebt e shtatz\u00ebnis\u00eb dhe t\u00eb gjitha llojet e trupit, duke ofruar gjithmon\u00eb mb\u00ebshtetjen e duhur p\u00ebr barkun n\u00eb rritje dhe duke leht\u00ebsuar presionin.<\/span><\/li>\n<li class=\"a-spacing-mini\"><span class=\"a-list-item\"><strong>Sekreti q\u00eb ju b\u00ebn t\u00eb flini shpej<\/strong>t &#8211; Ndryshe nga jast\u00ebk\u00ebt e tjer\u00eb t\u00eb plot\u00eb t\u00eb trupit p\u00ebr shtatz\u00ebnin\u00eb q\u00eb p\u00ebrfshijn\u00eb nj\u00eb mb\u00ebshtet\u00ebse koke, jast\u00ebku yn\u00eb i trupit p\u00ebr shtatz\u00ebnin\u00eb n\u00eb form\u00eb F ju lejon ta p\u00ebrdorni k\u00ebt\u00eb jast\u00ebk me jast\u00ebkun tuaj t\u00eb personalizuar p\u00ebr kok\u00ebn. K\u00ebta jast\u00ebk\u00eb p\u00ebr shtatz\u00ebnin\u00eb eliminojn\u00eb nevoj\u00ebn p\u00ebr t&#8217;u p\u00ebrshtatur me nj\u00eb jast\u00ebk t\u00eb ri, duke ju lejuar t\u00eb shijoni menj\u00ebher\u00eb nj\u00eb gjum\u00eb t\u00eb rehatsh\u00ebm dhe qet\u00ebsues.<\/span><\/li>\n<li class=\"a-spacing-mini\"><span class=\"a-list-item\"><strong>Kursen hap\u00ebsir\u00eb dhe \u00ebsht\u00eb shum\u00ebfunksional <\/strong>&#8211; Jast\u00ebku Momcozy p\u00ebr shtatz\u00ebni nuk pushton shum\u00eb hap\u00ebsir\u00ebn personale t\u00eb partnerit tuaj, ju prap\u00eb mund t\u00eb p\u00ebrqafoheni me t\u00eb. Gjithashtu, mund ta p\u00ebrdorni p\u00ebr t&#8217;i dh\u00ebn\u00eb shpin\u00ebs dhe k\u00ebmb\u00ebve mb\u00ebshtetje shtes\u00eb gjat\u00eb leximit ose shikimit t\u00eb televizorit. Edhe pas lindjes, jast\u00ebku yn\u00eb do ta mb\u00ebshtes\u00eb f\u00ebmij\u00ebn tuaj gjat\u00eb ushqyerjes me biberon.<\/span><\/li>\n<\/ul>","protected":false},"excerpt":{"rendered":"<ul>\n<li data-start=\"73\" data-end=\"104\">\n<p data-start=\"75\" data-end=\"104\">Dizajn origjinal n\u00eb form\u00eb F<\/p>\n<\/li>\n<li data-start=\"105\" data-end=\"158\">\n<p data-start=\"107\" data-end=\"158\">Kombinon jast\u00ebkun n\u00eb form\u00eb J dhe pyk\u00ebn n\u00eb form\u00eb W<\/p>\n<\/li>\n<li data-start=\"159\" data-end=\"215\">\n<p data-start=\"161\" data-end=\"215\">Mb\u00ebshtet shpin\u00ebn, barkun, vithet, gjunj\u00ebt dhe k\u00ebmb\u00ebt<\/p>\n<\/li>\n<li data-start=\"216\" data-end=\"255\">\n<p data-start=\"218\" data-end=\"255\">P\u00ebrshtatet n\u00eb t\u00eb dyja an\u00ebt e trupit<\/p>\n<\/li>\n<li data-start=\"256\" data-end=\"297\">\n<p data-start=\"258\" data-end=\"297\">Jast\u00ebk pyke i rregulluesh\u00ebm me velcro<\/p>\n<\/li>\n<li data-start=\"298\" data-end=\"351\">\n<p data-start=\"300\" data-end=\"351\">Mb\u00ebshtetje p\u00ebr t\u00eb gjitha tremujor\u00ebt e shtatz\u00ebnis\u00eb<\/p>\n<\/li>\n<li data-start=\"352\" data-end=\"385\">\n<p data-start=\"354\" data-end=\"385\">Mbules\u00eb q\u00eb lejon frym\u00ebmarrjen<\/p>\n<\/li>\n<li data-start=\"386\" data-end=\"418\">\n<p data-start=\"388\" data-end=\"418\">P\u00ebrmir\u00ebson cil\u00ebsin\u00eb e gjumit<\/p>\n<\/li>\n<li data-start=\"419\" data-end=\"513\">\n<p data-start=\"421\" data-end=\"513\">Leht\u00ebson shqet\u00ebsimet nga shtatz\u00ebnia, shiatiku, fibromialgjia, refluksi, dhimbjet e shpin\u00ebs<\/p>\n<\/li>\n<li data-start=\"514\" data-end=\"549\">\n<p data-start=\"516\" data-end=\"549\">P\u00ebrmir\u00ebson qarkullimin e gjakut<\/p>\n<\/li>\n<li data-start=\"550\" data-end=\"593\">\n<p data-start=\"552\" data-end=\"593\">P\u00ebrdoret me jast\u00ebkun personal p\u00ebr kok\u00ebn<\/p>\n<\/li>\n<li data-start=\"594\" data-end=\"623\">\n<p data-start=\"596\" data-end=\"623\">Kursen hap\u00ebsir\u00eb n\u00eb shtrat<\/p>\n<\/li>\n<li data-start=\"624\" data-end=\"672\">\n<p data-start=\"626\" data-end=\"672\">I p\u00ebrshtatsh\u00ebm p\u00ebr p\u00ebrdorim edhe pas lindjes<\/p>\n<\/li>\n<li data-start=\"673\" data-end=\"727\">\n<p data-start=\"675\" data-end=\"727\">Mb\u00ebshtetje gjat\u00eb leximit, pushimit, shikimit t\u00eb TV<\/p>\n<\/li>\n<li data-start=\"728\" data-end=\"776\">\n<p data-start=\"730\" data-end=\"776\">Ndihmon gjat\u00eb ushqyerjes me gji apo me biberon<\/p>\n<\/li>\n<\/ul>","protected":false},"featured_media":7075,"template":"","meta":[],"product_brand":[],"product_cat":[120,98],"product_tag":[237],"class_list":{"0":"post-7074","1":"product","2":"type-product","3":"status-publish","4":"has-post-thumbnail","6":"product_cat-jastek-shatezanie","7":"product_cat-mama","8":"product_tag-momcozy-pregnancypillow-fshapedpillow-jastekshtatzenie-jastekmaterniteti-comfortformoms-sleepduringpregnancy-pregnancysupport-maternityessentials-jastekperbarkun-jastekpershtatzani","10":"first","11":"instock","12":"shipping-taxable","13":"purchasable","14":"product-type-simple"},"_links":{"self":[{"href":"https:\/\/www.momcozy.al\/en\/wp-json\/wp\/v2\/product\/7074","targetHints":{"allow":["GET"]}}],"collection":[{"href":"https:\/\/www.momcozy.al\/en\/wp-json\/wp\/v2\/product"}],"about":[{"href":"https:\/\/www.momcozy.al\/en\/wp-json\/wp\/v2\/types\/product"}],"wp:featuredmedia":[{"embeddable":true,"href":"https:\/\/www.momcozy.al\/en\/wp-json\/wp\/v2\/media\/7075"}],"wp:attachment":[{"href":"https:\/\/www.momcozy.al\/en\/wp-json\/wp\/v2\/media?parent=7074"}],"wp:term":[{"taxonomy":"product_brand","embeddable":true,"href":"https:\/\/www.momcozy.al\/en\/wp-json\/wp\/v2\/product_brand?post=7074"},{"taxonomy":"product_cat","embeddable":true,"href":"https:\/\/www.momcozy.al\/en\/wp-json\/wp\/v2\/product_cat?post=7074"},{"taxonomy":"product_tag","embeddable":true,"href":"https:\/\/www.momcozy.al\/en\/wp-json\/wp\/v2\/product_tag?post=7074"}],"curies":[{"name":"wp","href":"https:\/\/api.w.org\/{rel}","templated":true}]}}