{"id":7079,"date":"2025-09-11T12:14:27","date_gmt":"2025-09-11T12:14:27","guid":{"rendered":"https:\/\/www.momcozy.al\/?post_type=product&#038;p=7079"},"modified":"2026-01-01T09:27:36","modified_gmt":"2026-01-01T09:27:36","slug":"momcozy-postpartum-basic-recovery-kit","status":"publish","type":"product","link":"https:\/\/www.momcozy.al\/en\/product\/momcozy-postpartum-basic-recovery-kit\/","title":{"rendered":"Momcozy Postpartum Basic Recovery Kit"},"content":{"rendered":"<p>Ky komplet p\u00ebrfshin gjasht\u00eb pal\u00eb t\u00eb brendshme nj\u00ebp\u00ebrdorimshe, dy peceta t\u00eb ftohta t\u00eb rip\u00ebrdorshme me nj\u00ebzet mbulesa nj\u00ebp\u00ebrdorimshe, nj\u00eb shishe pastruese p\u00ebrmbys, shkum\u00eb ftoh\u00ebse me arom\u00eb peme \u00e7aji + hamamelis dhe nj\u00eb \u00e7ant\u00eb prej kanavace t\u00eb rip\u00ebrdorshme.<\/p>\n<p><strong>T\u00eb brendshmet<\/strong> super t\u00eb buta nj\u00ebp\u00ebrdorimshe mb\u00ebshtjellin dhe mbajn\u00eb jast\u00ebk\u00ebt e akullit me mbrojt\u00ebse skajesh. Ato thithin gjith\u00e7ka p\u00ebrreth dhe shtrihen n\u00eb m\u00ebnyr\u00eb t\u00eb rehatshme p\u00ebr barkun pas lindjes.<\/p>\n<p><strong>Shishja ergonomike peri <\/strong>me k\u00ebnd 75\u00b0 ka nj\u00eb gryk\u00eb t\u00eb gjat\u00eb q\u00eb mund t\u00eb arrij\u00eb m\u00eb leht\u00eb zonat e l\u00ebnduara. Kat\u00ebrmb\u00ebdhjet\u00eb vrima sp\u00ebrkat\u00ebse sigurojn\u00eb pastrim t\u00eb but\u00eb.<\/p>\n<p><strong>Jast\u00ebk\u00ebt e ftoht\u00eb<\/strong> t\u00eb rip\u00ebrdorsh\u00ebm ofrojn\u00eb leht\u00ebsim qet\u00ebsues, nd\u00ebrsa mbulesat e disponueshme i mbajn\u00eb ato t\u00eb pastra (dhe jo aq t\u00eb ftohta ndaj l\u00ebkur\u00ebs).<\/p>\n<p><strong>Shkuma ftoh\u00ebse 2-n\u00eb-1<\/strong> me pem\u00eb \u00e7aji dhe hamamelis \u00ebsht\u00eb e but\u00eb dhe freskuese p\u00ebr perineumet e l\u00ebnduara.<\/p>\n<p>P\u00ebrfshin:<\/p>\n<ul>\n<li>6 pal\u00eb t\u00eb brendshme nj\u00ebp\u00ebrdorimshe<\/li>\n<li>2 peceta t\u00eb rip\u00ebrdorshme t\u00eb ftohta me 20 mbulesa t\u00eb disponueshme<\/li>\n<li>Shishe pastruese peri 17 oz<\/li>\n<li>Shkum\u00eb ftohese me pem\u00eb \u00e7aji + lajthi shtrige<\/li>\n<li>\u00c7ant\u00eb prej kanavace e rip\u00ebrdorshme<\/li>\n<\/ul>","protected":false},"excerpt":{"rendered":"<ul>\n<li data-start=\"539\" data-end=\"622\">T\u00eb brendshmet thithin l\u00ebngjet dhe mbajn\u00eb jast\u00ebk\u00ebt e akullit n\u00eb vend, pa shqet\u00ebsim<\/li>\n<li data-start=\"623\" data-end=\"685\">\n<p data-start=\"625\" data-end=\"685\">Pecetat e ftohta ofrojn\u00eb <strong data-start=\"650\" data-end=\"671\">leht\u00ebsim qet\u00ebsues<\/strong> pas lindjes<\/p>\n<\/li>\n<li data-start=\"686\" data-end=\"750\">\n<p data-start=\"688\" data-end=\"750\">Mbulesat ndihmojn\u00eb n\u00eb ruajtjen e <strong data-start=\"721\" data-end=\"748\">past\u00ebrtis\u00eb dhe rehatis\u00eb<\/strong><\/p>\n<\/li>\n<li data-start=\"751\" data-end=\"832\">\n<p data-start=\"753\" data-end=\"832\">Shishja pastruese me dizajn ergonomik leht\u00ebson pastrimin e zonave t\u00eb ndjeshme<\/p>\n<\/li>\n<li data-start=\"833\" data-end=\"900\">\n<p data-start=\"835\" data-end=\"900\">Shkuma ftoh\u00ebse ofron <strong data-start=\"856\" data-end=\"877\">freski dhe zbutje<\/strong> p\u00ebr zonat e l\u00ebnduara<\/p>\n<\/li>\n<li data-start=\"901\" data-end=\"989\">\n<p data-start=\"903\" data-end=\"989\">Kompakt dhe i organizuar \u2013 <strong data-start=\"930\" data-end=\"989\">i p\u00ebrshtatsh\u00ebm p\u00ebr n\u00eb maternitet ose p\u00ebrdorim n\u00eb sht\u00ebpi<\/strong><\/p>\n<\/li>\n<\/ul>","protected":false},"featured_media":7080,"template":"","meta":[],"product_brand":[],"product_cat":[99,98,123],"product_tag":[238],"class_list":{"0":"post-7079","1":"product","2":"type-product","3":"status-publish","4":"has-post-thumbnail","6":"product_cat-bebe","7":"product_cat-mama","8":"product_cat-set-lindje-postpartum","9":"product_tag-postpartumcare-momessentials-lindjepastres-ftohjepaslindjes-peribottle-recoverykit-babybluesrelief","11":"first","12":"instock","13":"shipping-taxable","14":"purchasable","15":"product-type-simple"},"_links":{"self":[{"href":"https:\/\/www.momcozy.al\/en\/wp-json\/wp\/v2\/product\/7079","targetHints":{"allow":["GET"]}}],"collection":[{"href":"https:\/\/www.momcozy.al\/en\/wp-json\/wp\/v2\/product"}],"about":[{"href":"https:\/\/www.momcozy.al\/en\/wp-json\/wp\/v2\/types\/product"}],"wp:featuredmedia":[{"embeddable":true,"href":"https:\/\/www.momcozy.al\/en\/wp-json\/wp\/v2\/media\/7080"}],"wp:attachment":[{"href":"https:\/\/www.momcozy.al\/en\/wp-json\/wp\/v2\/media?parent=7079"}],"wp:term":[{"taxonomy":"product_brand","embeddable":true,"href":"https:\/\/www.momcozy.al\/en\/wp-json\/wp\/v2\/product_brand?post=7079"},{"taxonomy":"product_cat","embeddable":true,"href":"https:\/\/www.momcozy.al\/en\/wp-json\/wp\/v2\/product_cat?post=7079"},{"taxonomy":"product_tag","embeddable":true,"href":"https:\/\/www.momcozy.al\/en\/wp-json\/wp\/v2\/product_tag?post=7079"}],"curies":[{"name":"wp","href":"https:\/\/api.w.org\/{rel}","templated":true}]}}