{"id":7090,"date":"2025-09-11T12:40:17","date_gmt":"2025-09-11T12:40:17","guid":{"rendered":"https:\/\/www.momcozy.al\/?post_type=product&#038;p=7090"},"modified":"2026-01-01T09:27:36","modified_gmt":"2026-01-01T09:27:36","slug":"momcozy-baby-food-maker-for-puree-food-storage","status":"publish","type":"product","link":"https:\/\/www.momcozy.al\/en\/product\/momcozy-baby-food-maker-for-puree-food-storage\/","title":{"rendered":"Momcozy Baby Food Maker for Puree Food Storage"},"content":{"rendered":"<div class=\"page\" title=\"Page 12\">\n<div class=\"section\">\n<div class=\"layoutArea\">\n<div class=\"column\">\n<p>Projektuar pe\u0308r lehte\u0308si dhe rehatshmeri, izolimi i sakte\u0308 i tubit te\u0308 sipe\u0308rm parandalon spe\u0308rkatjen e ushqimit, duke e mbajtur gatimin e vaktit te\u0308 foshnje\u0308s tuaj te\u0308 paste\u0308r dhe te\u0308 rregullt.Shpe\u0308rndare\u0308si Momcozy pe\u0308rmban nje\u0308 metode\u0308 inovative tharjeje qe\u0308 parandalon akumulimin e ujit ne\u0308 fund, duke siguruar nje\u0308 pe\u0308rvoje\u0308 pastrimi higjienike dhe pa probleme. Pastroni shpejt nde\u0308rmjet vakteve ne\u0308 me\u0308nyre\u0308 qe\u0308 te\u0308 jeni gjithmone\u0308 gati pe\u0308r ushqimin e radhe\u0308s.<\/p>\n<\/div>\n<\/div>\n<\/div>\n<\/div>","protected":false},"excerpt":{"rendered":"<ul>\n<li data-start=\"146\" data-end=\"230\">\n<p data-start=\"148\" data-end=\"230\">P\u00ebrgatit pure dhe ushqime t\u00eb buta p\u00ebr foshnjat n\u00eb m\u00ebnyr\u00eb t\u00eb shpejt\u00eb dhe t\u00eb leht\u00eb<\/p>\n<\/li>\n<li data-start=\"231\" data-end=\"277\">\n<p data-start=\"233\" data-end=\"277\">Form\u00eb ergonomike p\u00ebr p\u00ebrdorim t\u00eb rehatsh\u00ebm<\/p>\n<\/li>\n<li data-start=\"278\" data-end=\"332\">\n<p data-start=\"280\" data-end=\"332\">Material i sigurt dhe pa BPA, miq\u00ebsor p\u00ebr foshnjat<\/p>\n<\/li>\n<li data-start=\"333\" data-end=\"400\">\n<p data-start=\"335\" data-end=\"400\">P\u00ebrshtatet leht\u00ebsisht n\u00eb duar t\u00eb vogla p\u00ebr ushqyerje t\u00eb pavarur<\/p>\n<\/li>\n<li data-start=\"401\" data-end=\"445\">\n<p data-start=\"403\" data-end=\"445\">Leht\u00eb p\u00ebr t\u2019u pastruar dhe i q\u00ebndruesh\u00ebm<\/p>\n<\/li>\n<li data-start=\"446\" data-end=\"500\">\n<p data-start=\"448\" data-end=\"500\">Ndihmon n\u00eb zhvillimin e aft\u00ebsive motorike t\u00eb vogla<\/p>\n<\/li>\n<li data-start=\"501\" data-end=\"562\">\n<p data-start=\"503\" data-end=\"562\">Ideal p\u00ebr ushqyerjen me pure n\u00eb sht\u00ebpi ose gjat\u00eb udh\u00ebtimeve<\/p>\n<\/li>\n<\/ul>","protected":false},"featured_media":7091,"template":"","meta":[],"product_brand":[],"product_cat":[153,99,107],"product_tag":[240],"class_list":{"0":"post-7090","1":"product","2":"type-product","3":"status-publish","4":"has-post-thumbnail","6":"product_cat-aksesore-ushqimore","7":"product_cat-bebe","8":"product_cat-ushqimi-bebes","9":"product_tag-momcozy-babyfoodmaker-pureemaker-babypuree-healthybabyfood-homemadebabyfood","11":"first","12":"instock","13":"shipping-taxable","14":"purchasable","15":"product-type-simple"},"_links":{"self":[{"href":"https:\/\/www.momcozy.al\/en\/wp-json\/wp\/v2\/product\/7090","targetHints":{"allow":["GET"]}}],"collection":[{"href":"https:\/\/www.momcozy.al\/en\/wp-json\/wp\/v2\/product"}],"about":[{"href":"https:\/\/www.momcozy.al\/en\/wp-json\/wp\/v2\/types\/product"}],"wp:featuredmedia":[{"embeddable":true,"href":"https:\/\/www.momcozy.al\/en\/wp-json\/wp\/v2\/media\/7091"}],"wp:attachment":[{"href":"https:\/\/www.momcozy.al\/en\/wp-json\/wp\/v2\/media?parent=7090"}],"wp:term":[{"taxonomy":"product_brand","embeddable":true,"href":"https:\/\/www.momcozy.al\/en\/wp-json\/wp\/v2\/product_brand?post=7090"},{"taxonomy":"product_cat","embeddable":true,"href":"https:\/\/www.momcozy.al\/en\/wp-json\/wp\/v2\/product_cat?post=7090"},{"taxonomy":"product_tag","embeddable":true,"href":"https:\/\/www.momcozy.al\/en\/wp-json\/wp\/v2\/product_tag?post=7090"}],"curies":[{"name":"wp","href":"https:\/\/api.w.org\/{rel}","templated":true}]}}