{"id":7100,"date":"2025-09-11T12:59:38","date_gmt":"2025-09-11T12:59:38","guid":{"rendered":"https:\/\/www.momcozy.al\/?post_type=product&#038;p=7100"},"modified":"2026-01-01T09:27:36","modified_gmt":"2026-01-01T09:27:36","slug":"momcozy-reusable-baby-food-pouches-pack-of-10","status":"publish","type":"product","link":"https:\/\/www.momcozy.al\/en\/product\/momcozy-reusable-baby-food-pouches-pack-of-10\/","title":{"rendered":"Momcozy Reusable Baby Food Pouches (Pack of 10)"},"content":{"rendered":"<p>Ruani dhe sh\u00ebrbejini leht\u00ebsisht ushqimet e preferuara t\u00eb foshnj\u00ebs suaj me qeset e rip\u00ebrdorshme t\u00eb ushqimit p\u00ebr foshnje Momcozy (Pako me 10).<\/p>\n<p>K\u00ebto qese ekologjike jan\u00eb t\u00eb dizajnuara p\u00ebr n\u00ebnat e z\u00ebna, duke ofruar nj\u00eb m\u00ebnyr\u00eb t\u00eb p\u00ebrshtatshme dhe t\u00eb sigurt p\u00ebr t\u00eb ruajtur frutat, perimet, kosin dhe vaktet e p\u00ebrgatitura n\u00eb sht\u00ebpi. Me dizajnin e tyre t\u00eb vet\u00ebmb\u00ebshtetur, k\u00ebto qese e b\u00ebjn\u00eb mbushjen dhe ruajtjen shum\u00eb t\u00eb leht\u00eb, nd\u00ebrsa zinxhiri i pap\u00ebrshkuesh\u00ebm nga rrjedhjet siguron q\u00eb t\u00eb mos ket\u00eb rr\u00ebmuj\u00eb.<\/p>\n<p>Pa BPA, PVC dhe ftalate, k\u00ebto qese jan\u00eb t\u00eb sigurta dhe t\u00eb rip\u00ebrdorshme, duke i b\u00ebr\u00eb ato shtes\u00ebn perfekte p\u00ebr rutin\u00ebn e vakteve t\u00eb foshnj\u00ebs suaj.<\/p>\n<p data-start=\"0\" data-end=\"12\"><strong data-start=\"0\" data-end=\"12\">Pse ju dhe f\u00ebmija juaj do ta adhuroni:<\/strong><\/p>\n<ul data-start=\"14\" data-end=\"524\">\n<li data-start=\"14\" data-end=\"80\">I rip\u00ebrdorsh\u00ebm dhe i sigurt p\u00ebr lavastovilje p\u00ebr pastrim t\u00eb leht\u00eb dhe ulje t\u00eb mbeturinave<\/li>\n<li data-start=\"81\" data-end=\"154\">Dizajni vet\u00ebq\u00ebndrues siguron stabilitet p\u00ebr mbushje t\u00eb leht\u00eb dhe shmang rr\u00ebmuj\u00ebn<\/li>\n<li data-start=\"155\" data-end=\"224\">I p\u00ebrshtatsh\u00ebm p\u00ebr frigorifer p\u00ebr ruajtje t\u00eb organizuar dhe ruajtje t\u00eb freskis\u00eb<\/li>\n<li data-start=\"225\" data-end=\"281\">Dizajn ekologjik p\u00ebr t\u00eb zvog\u00ebluar p\u00ebrdorimin e plastik\u00ebs s\u00eb disponueshme<\/li>\n<li data-start=\"282\" data-end=\"342\">Madh\u00ebsi t\u00eb shumta n\u00eb dispozicion p\u00ebr t&#8217;iu p\u00ebrshtatur nevojave t\u00eb ndryshme t\u00eb ushqimit p\u00ebr f\u00ebmij\u00eb<\/li>\n<li data-start=\"343\" data-end=\"401\">Mbushje e leht\u00eb me kapje, derdhje dhe vulosje me zinxhir t\u00eb pap\u00ebrshkuesh\u00ebm nga rrjedhjet<\/li>\n<li data-start=\"402\" data-end=\"464\">Pa BPA, pa PVC, pa plumb dhe pa ftalat p\u00ebr siguri<\/li>\n<li data-start=\"465\" data-end=\"524\">Ideale p\u00ebr ushqim p\u00ebr foshnje, fruta, perime, kos dhe vakte t\u00eb tjera.<\/li>\n<\/ul>","protected":false},"excerpt":{"rendered":"<ul data-start=\"14\" data-end=\"524\">\n<li data-start=\"14\" data-end=\"80\">T\u00eb rip\u00ebrdorshme dhe t\u00eb sigurta p\u00ebr lavastovilje p\u00ebr pastrim t\u00eb leht\u00eb dhe ulje t\u00eb mbeturinave<\/li>\n<li data-start=\"81\" data-end=\"154\">Dizajni vet\u00ebq\u00ebndrues siguron stabilitet p\u00ebr mbushje t\u00eb leht\u00eb dhe shmang rr\u00ebmuj\u00ebn<\/li>\n<li data-start=\"155\" data-end=\"224\">I p\u00ebrshtatsh\u00ebm p\u00ebr frigorifer p\u00ebr ruajtje t\u00eb organizuar dhe ruajtje t\u00eb freskis\u00eb<\/li>\n<li data-start=\"225\" data-end=\"281\">Dizajn ekologjik p\u00ebr t\u00eb zvog\u00ebluar p\u00ebrdorimin e plastik\u00ebs s\u00eb disponueshme<\/li>\n<li data-start=\"282\" data-end=\"342\">Madh\u00ebsi t\u00eb shumta n\u00eb dispozicion p\u00ebr t&#8217;iu p\u00ebrshtatur nevojave t\u00eb ndryshme t\u00eb ushqimit p\u00ebr f\u00ebmij\u00eb<\/li>\n<li data-start=\"343\" data-end=\"401\">Mbushje e leht\u00eb me kapje, derdhje dhe vulosje me zinxhir t\u00eb pap\u00ebrshkuesh\u00ebm nga rrjedhjet<\/li>\n<li data-start=\"402\" data-end=\"464\">Pa BPA, pa PVC, pa plumb dhe pa ftalat p\u00ebr siguri<\/li>\n<li data-start=\"465\" data-end=\"524\">Ideale p\u00ebr ushqim p\u00ebr foshnje, fruta, perime, kos dhe vakte t\u00eb tjera.<\/li>\n<\/ul>","protected":false},"featured_media":7101,"template":"","meta":[],"product_brand":[],"product_cat":[153,99,107],"product_tag":[],"class_list":{"0":"post-7100","1":"product","2":"type-product","3":"status-publish","4":"has-post-thumbnail","6":"product_cat-aksesore-ushqimore","7":"product_cat-bebe","8":"product_cat-ushqimi-bebes","10":"first","11":"instock","12":"shipping-taxable","13":"purchasable","14":"product-type-simple"},"_links":{"self":[{"href":"https:\/\/www.momcozy.al\/en\/wp-json\/wp\/v2\/product\/7100","targetHints":{"allow":["GET"]}}],"collection":[{"href":"https:\/\/www.momcozy.al\/en\/wp-json\/wp\/v2\/product"}],"about":[{"href":"https:\/\/www.momcozy.al\/en\/wp-json\/wp\/v2\/types\/product"}],"wp:featuredmedia":[{"embeddable":true,"href":"https:\/\/www.momcozy.al\/en\/wp-json\/wp\/v2\/media\/7101"}],"wp:attachment":[{"href":"https:\/\/www.momcozy.al\/en\/wp-json\/wp\/v2\/media?parent=7100"}],"wp:term":[{"taxonomy":"product_brand","embeddable":true,"href":"https:\/\/www.momcozy.al\/en\/wp-json\/wp\/v2\/product_brand?post=7100"},{"taxonomy":"product_cat","embeddable":true,"href":"https:\/\/www.momcozy.al\/en\/wp-json\/wp\/v2\/product_cat?post=7100"},{"taxonomy":"product_tag","embeddable":true,"href":"https:\/\/www.momcozy.al\/en\/wp-json\/wp\/v2\/product_tag?post=7100"}],"curies":[{"name":"wp","href":"https:\/\/api.w.org\/{rel}","templated":true}]}}