{"id":7151,"date":"2025-09-30T09:14:48","date_gmt":"2025-09-30T09:14:48","guid":{"rendered":"https:\/\/www.momcozy.al\/?post_type=product&#038;p=7151"},"modified":"2025-09-30T09:18:20","modified_gmt":"2025-09-30T09:18:20","slug":"momcozy-silicone-diaphragm-valve-for-s9pro-s12-pro","status":"publish","type":"product","link":"https:\/\/www.momcozy.al\/en\/product\/momcozy-silicone-diaphragm-valve-for-s9pro-s12-pro\/","title":{"rendered":"Momcozy Silicone Diaphragm + Valve for S9Pro\/S12 Pro"},"content":{"rendered":"<p><b>Momcozy Silicone Diaphragm + Valve p\u00ebr S9 Pro\/S12 Pro<\/b> \u00ebsht\u00eb nj\u00eb komplet i domosdosh\u00ebm p\u00ebr mir\u00ebmbajtjen e pompave t\u00eb gjirit t\u00eb mark\u00ebs Momcozy, ve\u00e7an\u00ebrisht modeleve S9 Pro dhe S12 Pro. Ky komplet p\u00ebrb\u00ebhet nga nj\u00eb diafragm\u00eb dhe nj\u00eb valvul, t\u00eb dyja t\u00eb b\u00ebra nga silikoni i klas\u00ebs ushqimore, t\u00eb sigurt dhe BPA-free.<\/p>\n<p><b>Karakteristikat kryesore:<\/b><\/p>\n<ul>\n<li><b>Kompatibilitet i plot\u00eb<\/b>: Dizajnuar ekskluzivisht p\u00ebr pomp\u00ebn e gjirit Momcozy S9 Pro dhe S12 Pro.<\/li>\n<li><b>Safe Material<\/b>: P\u00ebrb\u00ebr\u00ebs t\u00eb klas\u00ebs ushqimore, pa BPA , t\u00eb sigurt p\u00ebr p\u00ebrdorim me produkte q\u00eb vijn\u00eb n\u00eb kontakt me ushqimin.<\/li>\n<li><b>P\u00ebrmir\u00ebsim i performanc\u00ebs<\/b>: Siguron nj\u00eb vulosje t\u00eb ngusht\u00eb dhe pa rrjedhje, duke mbajtur sistemin t\u00eb mbyllur dhe duke parandaluar hyrjen e qum\u00ebshtit n\u00eb tubacione.<\/li>\n<li><b>Pastrim i leht\u00eb<\/b>: I p\u00ebrshtatsh\u00ebm p\u00ebr pastrim t\u00eb thjesht\u00eb, duke siguruar higjien\u00eb optimale gjat\u00eb p\u00ebrdorimit t\u00eb p\u00ebrditsh\u00ebm.<\/li>\n<\/ul>","protected":false},"excerpt":{"rendered":"<ul>\n<li>Kompatibil me Momcozy S9 Pro dhe S12 Pro<\/li>\n<li>Material silikoni, pa BPA<\/li>\n<li>Siguron vulosje t\u00eb fort\u00eb, pa rrjedhje<\/li>\n<li>Leht\u00eb p\u00ebr pastrim dhe sterilizim<\/li>\n<\/ul>","protected":false},"featured_media":7152,"template":"","meta":[],"product_brand":[],"product_cat":[98],"product_tag":[245],"class_list":{"0":"post-7151","1":"product","2":"type-product","3":"status-publish","4":"has-post-thumbnail","6":"product_cat-mama","7":"product_tag-aksesoremomcozy-pompagjirimomcozy-valvuladuckbill-membranesilikoni-s9pro-s12pro-pabpa","9":"first","10":"instock","11":"shipping-taxable","12":"purchasable","13":"product-type-simple"},"_links":{"self":[{"href":"https:\/\/www.momcozy.al\/en\/wp-json\/wp\/v2\/product\/7151","targetHints":{"allow":["GET"]}}],"collection":[{"href":"https:\/\/www.momcozy.al\/en\/wp-json\/wp\/v2\/product"}],"about":[{"href":"https:\/\/www.momcozy.al\/en\/wp-json\/wp\/v2\/types\/product"}],"wp:featuredmedia":[{"embeddable":true,"href":"https:\/\/www.momcozy.al\/en\/wp-json\/wp\/v2\/media\/7152"}],"wp:attachment":[{"href":"https:\/\/www.momcozy.al\/en\/wp-json\/wp\/v2\/media?parent=7151"}],"wp:term":[{"taxonomy":"product_brand","embeddable":true,"href":"https:\/\/www.momcozy.al\/en\/wp-json\/wp\/v2\/product_brand?post=7151"},{"taxonomy":"product_cat","embeddable":true,"href":"https:\/\/www.momcozy.al\/en\/wp-json\/wp\/v2\/product_cat?post=7151"},{"taxonomy":"product_tag","embeddable":true,"href":"https:\/\/www.momcozy.al\/en\/wp-json\/wp\/v2\/product_tag?post=7151"}],"curies":[{"name":"wp","href":"https:\/\/api.w.org\/{rel}","templated":true}]}}