{"id":7168,"date":"2025-09-30T10:17:32","date_gmt":"2025-09-30T10:17:32","guid":{"rendered":"https:\/\/www.momcozy.al\/?post_type=product&#038;p=7168"},"modified":"2025-09-30T13:22:42","modified_gmt":"2025-09-30T13:22:42","slug":"momcozy-24mm-27mm-flange-for-s9-pro-wearable-pump","status":"publish","type":"product","link":"https:\/\/www.momcozy.al\/en\/product\/momcozy-24mm-27mm-flange-for-s9-pro-wearable-pump\/","title":{"rendered":"Momcozy 24mm\/27mm Flange For S9 Pro Wearable Pump"},"content":{"rendered":"<p><b>Momcozy 24mm\/27mm Flange<\/b> \u00ebsht\u00eb nj\u00eb pjes\u00eb e domosdoshme p\u00ebr pomp\u00ebn e gjirit wearable <b>S9 Pro<\/b>, e dizajnuar p\u00ebr t\u00eb ofruar nj\u00eb p\u00ebrshtatje t\u00eb rehatshme dhe efikase gjat\u00eb pompimit. Ky flang\u00eb \u00ebsht\u00eb i b\u00ebr\u00eb nga silikoni i klas\u00ebs ushqimore, pa BPA, i sigurt p\u00ebr p\u00ebrdorim me produktet q\u00eb vijn\u00eb n\u00eb kontakt me ushqimin.<\/p>","protected":false},"excerpt":{"rendered":"<ul>\n<li><b>Kompatibilitet i plot\u00eb<\/b>: I p\u00ebrshtatsh\u00ebm p\u00ebr pomp\u00ebn wearable S9 Pro.<\/li>\n<li><b>Safe Material<\/b>: I b\u00ebr\u00eb nga silikoni i klas\u00ebs ushqimore, pa BPA.<\/li>\n<li><b>Pastrim i leht\u00eb<\/b>: I p\u00ebrshtatsh\u00ebm p\u00ebr pastrim t\u00eb thjesht\u00eb, duke siguruar higjien\u00eb optimale gjat\u00eb p\u00ebrdorimit t\u00eb p\u00ebrditsh\u00ebm.<\/li>\n<li><b>P\u00ebrshtatje komode<\/b>: Ofron nj\u00eb p\u00ebrshtatje t\u00eb rehatshme, duke reduktuar mund\u00ebsin\u00eb e dhimbjes ose shqet\u00ebsimit gjat\u00eb pompimit.<\/li>\n<\/ul>","protected":false},"featured_media":7170,"template":"","meta":[],"product_brand":[],"product_cat":[98],"product_tag":[262],"class_list":{"0":"post-7168","1":"product","2":"type-product","3":"status-publish","4":"has-post-thumbnail","6":"product_cat-mama","7":"product_tag-momcozy-aksesorepompe-flanxhmomcozy-flanxh24mm-flanxh27mm-pompamomcozys9pro-pompegjiri","9":"first","10":"instock","11":"shipping-taxable","12":"purchasable","13":"product-type-variable"},"_links":{"self":[{"href":"https:\/\/www.momcozy.al\/en\/wp-json\/wp\/v2\/product\/7168","targetHints":{"allow":["GET"]}}],"collection":[{"href":"https:\/\/www.momcozy.al\/en\/wp-json\/wp\/v2\/product"}],"about":[{"href":"https:\/\/www.momcozy.al\/en\/wp-json\/wp\/v2\/types\/product"}],"wp:featuredmedia":[{"embeddable":true,"href":"https:\/\/www.momcozy.al\/en\/wp-json\/wp\/v2\/media\/7170"}],"wp:attachment":[{"href":"https:\/\/www.momcozy.al\/en\/wp-json\/wp\/v2\/media?parent=7168"}],"wp:term":[{"taxonomy":"product_brand","embeddable":true,"href":"https:\/\/www.momcozy.al\/en\/wp-json\/wp\/v2\/product_brand?post=7168"},{"taxonomy":"product_cat","embeddable":true,"href":"https:\/\/www.momcozy.al\/en\/wp-json\/wp\/v2\/product_cat?post=7168"},{"taxonomy":"product_tag","embeddable":true,"href":"https:\/\/www.momcozy.al\/en\/wp-json\/wp\/v2\/product_tag?post=7168"}],"curies":[{"name":"wp","href":"https:\/\/api.w.org\/{rel}","templated":true}]}}