{"id":7182,"date":"2025-09-30T11:03:34","date_gmt":"2025-09-30T11:03:34","guid":{"rendered":"https:\/\/www.momcozy.al\/?post_type=product&#038;p=7182"},"modified":"2025-09-30T13:21:53","modified_gmt":"2025-09-30T13:21:53","slug":"momcozy-milk-collection-container-only-cup-for-s9-pro-s12-pro","status":"publish","type":"product","link":"https:\/\/www.momcozy.al\/en\/product\/momcozy-milk-collection-container-only-cup-for-s9-pro-s12-pro\/","title":{"rendered":"Momcozy Milk Collection Container (ONLY) Cup for S9 Pro \/ S12 Pro"},"content":{"rendered":"<p>Aksesor\u00ebt autentik\u00eb kolektor i qum\u00ebshtit t\u00eb pomp\u00ebs s\u00eb gjirit \u00a0Momcozy jan\u00eb t\u00eb p\u00ebrshtatsh\u00ebm vetem p\u00ebr p\u00ebrdorim me pomp\u00ebn e gjirit Momcozy S9 Pro\/S12 Pro. Pjes\u00ebt origjinale Momcozy kualifikohen p\u00ebr FSA\/HAS.<\/p>","protected":false},"excerpt":{"rendered":"<ul>\n<li>P\u00ebrdorim ekskluziv p\u00ebr pompat Momcozy <b>S9 Pro dhe S12 Pro<\/b><\/li>\n<li>Pjes\u00eb origjinale, t\u00eb certifikuara Momcozy<\/li>\n<li>Materiale t\u00eb sigurta p\u00ebr kontakt me qum\u00ebshtin e gjirit<\/li>\n<li>Kualifikohen p\u00ebr <b>FSA\/HSA<\/b> (n\u00eb vendet ku aplikohet)<\/li>\n<\/ul>","protected":false},"featured_media":7183,"template":"","meta":[],"product_brand":[],"product_cat":[98],"product_tag":[254],"class_list":{"0":"post-7182","1":"product","2":"type-product","3":"status-publish","4":"has-post-thumbnail","6":"product_cat-mama","7":"product_tag-momcozy-pompagjirimomcozy-aksesorepompe-kolektorqumeshti-pjeseorigjinale-s9pro-s12pro","9":"first","10":"instock","11":"shipping-taxable","12":"purchasable","13":"product-type-simple"},"_links":{"self":[{"href":"https:\/\/www.momcozy.al\/en\/wp-json\/wp\/v2\/product\/7182","targetHints":{"allow":["GET"]}}],"collection":[{"href":"https:\/\/www.momcozy.al\/en\/wp-json\/wp\/v2\/product"}],"about":[{"href":"https:\/\/www.momcozy.al\/en\/wp-json\/wp\/v2\/types\/product"}],"wp:featuredmedia":[{"embeddable":true,"href":"https:\/\/www.momcozy.al\/en\/wp-json\/wp\/v2\/media\/7183"}],"wp:attachment":[{"href":"https:\/\/www.momcozy.al\/en\/wp-json\/wp\/v2\/media?parent=7182"}],"wp:term":[{"taxonomy":"product_brand","embeddable":true,"href":"https:\/\/www.momcozy.al\/en\/wp-json\/wp\/v2\/product_brand?post=7182"},{"taxonomy":"product_cat","embeddable":true,"href":"https:\/\/www.momcozy.al\/en\/wp-json\/wp\/v2\/product_cat?post=7182"},{"taxonomy":"product_tag","embeddable":true,"href":"https:\/\/www.momcozy.al\/en\/wp-json\/wp\/v2\/product_tag?post=7182"}],"curies":[{"name":"wp","href":"https:\/\/api.w.org\/{rel}","templated":true}]}}