{"id":7212,"date":"2025-09-30T13:31:39","date_gmt":"2025-09-30T13:31:39","guid":{"rendered":"https:\/\/www.momcozy.al\/?post_type=product&#038;p=7212"},"modified":"2026-01-01T09:27:35","modified_gmt":"2026-01-01T09:27:35","slug":"momcozy-stroller-organizer-with-cup-holders","status":"publish","type":"product","link":"https:\/\/www.momcozy.al\/en\/product\/momcozy-stroller-organizer-with-cup-holders\/","title":{"rendered":"Momcozy Stroller Organizer With Cup Holders"},"content":{"rendered":"<p>Organizuesi i strukturuar i karrocave: Dizajn i brendsh\u00ebm shum\u00ebfunksional i ndarjes, me 2 mbajt\u00ebse filxhani t\u00eb izoluar, shum\u00eb xhepa, i leht\u00eb p\u00ebr t&#8217;u organizuar, i thoni lamtumir\u00eb artikujve te shperndare dhe t\u00eb \u00e7rregullt, duke i vendosur artikujt m\u00eb hierarkik.Velcro i rregulluesh\u00ebm i p\u00ebrshtatet shum\u00eb llojeve t\u00eb karrocave, zona e gjer\u00eb Velcro ju lejon ta lidhni ate sipas nevoj\u00ebs.<\/p>","protected":false},"excerpt":{"rendered":"<ul>\n<li>Dizajn i brendsh\u00ebm i strukturuar me ndarje t\u00eb shumta<\/li>\n<li>2 mbajt\u00ebse filxhani t\u00eb izoluar p\u00ebr pije t\u00eb ngrohta ose t\u00eb ftohta<\/li>\n<li>Xhepa t\u00eb ndrysh\u00ebm p\u00ebr organizim t\u00eb leht\u00eb dhe praktik<\/li>\n<li>Artikujt vendosen n\u00eb m\u00ebnyr\u00eb t\u00eb rregullt dhe sipas nevoj\u00ebs<\/li>\n<li>Velcro i rregulluesh\u00ebm \u2013 i p\u00ebrshtatet shumic\u00ebs s\u00eb karrocave<\/li>\n<\/ul>","protected":false},"featured_media":7213,"template":"","meta":[],"product_brand":[],"product_cat":[98],"product_tag":[263],"class_list":{"0":"post-7212","1":"product","2":"type-product","3":"status-publish","4":"has-post-thumbnail","6":"product_cat-mama","7":"product_tag-organizueskarroce-aksesorekarroce-momcozy-organizimpernenat-mbajtesefilxhani-perfemijenelevizje-cantekarroce","9":"first","10":"instock","11":"shipping-taxable","12":"purchasable","13":"product-type-simple"},"_links":{"self":[{"href":"https:\/\/www.momcozy.al\/en\/wp-json\/wp\/v2\/product\/7212","targetHints":{"allow":["GET"]}}],"collection":[{"href":"https:\/\/www.momcozy.al\/en\/wp-json\/wp\/v2\/product"}],"about":[{"href":"https:\/\/www.momcozy.al\/en\/wp-json\/wp\/v2\/types\/product"}],"wp:featuredmedia":[{"embeddable":true,"href":"https:\/\/www.momcozy.al\/en\/wp-json\/wp\/v2\/media\/7213"}],"wp:attachment":[{"href":"https:\/\/www.momcozy.al\/en\/wp-json\/wp\/v2\/media?parent=7212"}],"wp:term":[{"taxonomy":"product_brand","embeddable":true,"href":"https:\/\/www.momcozy.al\/en\/wp-json\/wp\/v2\/product_brand?post=7212"},{"taxonomy":"product_cat","embeddable":true,"href":"https:\/\/www.momcozy.al\/en\/wp-json\/wp\/v2\/product_cat?post=7212"},{"taxonomy":"product_tag","embeddable":true,"href":"https:\/\/www.momcozy.al\/en\/wp-json\/wp\/v2\/product_tag?post=7212"}],"curies":[{"name":"wp","href":"https:\/\/api.w.org\/{rel}","templated":true}]}}