{"id":7226,"date":"2025-10-03T07:52:51","date_gmt":"2025-10-03T07:52:51","guid":{"rendered":"https:\/\/www.momcozy.al\/?post_type=product&#038;p=7226"},"modified":"2025-10-04T08:53:13","modified_gmt":"2025-10-04T08:53:13","slug":"momcozy-wearable-breast-pump-linker-for-s9-pro-s12-pro","status":"publish","type":"product","link":"https:\/\/www.momcozy.al\/en\/product\/momcozy-wearable-breast-pump-linker-for-s9-pro-s12-pro\/","title":{"rendered":"Momcozy Wearable Breast Pump Linker for S9 Pro\/S12 Pro"},"content":{"rendered":"<div class=\"page\" title=\"Page 10\">\n<div class=\"section\">\n<div class=\"layoutArea\">\n<div class=\"column\">\n<p>Aksesore\u0308t autentike\u0308 te\u0308 lidhjes se\u0308 pompe\u0308s se\u0308 gjirit te\u0308 veshjes Momcozy jane\u0308 te\u0308 pe\u0308rshtatshme pe\u0308r t&#8217;u pe\u0308rdorur me pompe\u0308n e gjirit te\u0308 veshjes Momcozy S9 Pro\/S12 Pro. Pjese\u0308t origjinale Momcozy te\u0308 pe\u0308rshtatshme pe\u0308r pompen S9 Pro\/S12 Pro.<\/p>\n<\/div>\n<\/div>\n<\/div>\n<\/div>","protected":false},"excerpt":{"rendered":"<ul>\n<li><b>I p\u00ebrshtatsh\u00ebm p\u00ebr<\/b>: Modelet Momcozy S9 Pro dhe S12 Pro<\/li>\n<li><b>Materiali<\/b>: Plastik pa BPA, i sigurt p\u00ebr kontakt me qum\u00ebshtin e gjirit<\/li>\n<li><b>Pastrim<\/b>: Lajeni me uj\u00eb t\u00eb ngroht\u00eb me sapun dhe sterilizoni me uj\u00eb t\u00eb val\u00eb (100\u00b0C)<\/li>\n<li><b>P\u00ebrdorimi<\/b>: Drejton rrjedh\u00ebn e qum\u00ebshtit n\u00eb tasin e mbledhjes<\/li>\n<li><b>Jet\u00ebgjat\u00ebsia<\/b>: 1\u20133 muaj, n\u00eb var\u00ebsi t\u00eb p\u00ebrdorimit<\/li>\n<\/ul>","protected":false},"featured_media":7227,"template":"","meta":[],"product_brand":[],"product_cat":[98],"product_tag":[265],"class_list":{"0":"post-7226","1":"product","2":"type-product","3":"status-publish","4":"has-post-thumbnail","6":"product_cat-mama","7":"product_tag-momcozy-s9-pro-momcozy-s12-prolidhes-pompe-gjiri-pompa-gjiri-momcozy-pjese-kembimi-momcozy","9":"first","10":"instock","11":"shipping-taxable","12":"purchasable","13":"product-type-simple"},"_links":{"self":[{"href":"https:\/\/www.momcozy.al\/en\/wp-json\/wp\/v2\/product\/7226","targetHints":{"allow":["GET"]}}],"collection":[{"href":"https:\/\/www.momcozy.al\/en\/wp-json\/wp\/v2\/product"}],"about":[{"href":"https:\/\/www.momcozy.al\/en\/wp-json\/wp\/v2\/types\/product"}],"wp:featuredmedia":[{"embeddable":true,"href":"https:\/\/www.momcozy.al\/en\/wp-json\/wp\/v2\/media\/7227"}],"wp:attachment":[{"href":"https:\/\/www.momcozy.al\/en\/wp-json\/wp\/v2\/media?parent=7226"}],"wp:term":[{"taxonomy":"product_brand","embeddable":true,"href":"https:\/\/www.momcozy.al\/en\/wp-json\/wp\/v2\/product_brand?post=7226"},{"taxonomy":"product_cat","embeddable":true,"href":"https:\/\/www.momcozy.al\/en\/wp-json\/wp\/v2\/product_cat?post=7226"},{"taxonomy":"product_tag","embeddable":true,"href":"https:\/\/www.momcozy.al\/en\/wp-json\/wp\/v2\/product_tag?post=7226"}],"curies":[{"name":"wp","href":"https:\/\/api.w.org\/{rel}","templated":true}]}}