{"id":7323,"date":"2025-10-11T08:09:21","date_gmt":"2025-10-11T08:09:21","guid":{"rendered":"https:\/\/www.momcozy.al\/?post_type=product&#038;p=7323"},"modified":"2026-01-01T09:27:35","modified_gmt":"2026-01-01T09:27:35","slug":"momcozy-baby-wipe-warmer","status":"publish","type":"product","link":"https:\/\/www.momcozy.al\/en\/product\/momcozy-baby-wipe-warmer\/","title":{"rendered":"Momcozy Baby Wipe Warmer"},"content":{"rendered":"<p>Momcozy Baby Wipe Warmer sjell ngroht\u00ebsi dhe rehati n\u00eb \u00e7do nd\u00ebrrim bebes. Me sistem ngrohjeje t\u00eb q\u00ebndruesh\u00ebm q\u00eb mban pecetat n\u00eb <b>temperatur\u00ebn ideale<\/b>, ai siguron pastrim t\u00eb but\u00eb dhe pa shqet\u00ebsim p\u00ebr l\u00ebkur\u00ebn e ndjeshme t\u00eb foshnj\u00ebs. Kapaku i mbyllur hermetikisht ruan lag\u00ebshtin\u00eb, nd\u00ebrsa <b>dizajni praktik dhe elegant<\/b> e b\u00ebn perfekt p\u00ebr \u00e7do ambient. Nj\u00eb ndihm\u00ebs i vog\u00ebl q\u00eb sjell <b>kujdes t\u00eb ngroht\u00eb n\u00eb \u00e7do prekje<\/b>.<\/p>","protected":false},"excerpt":{"rendered":"<ul>\n<li>Ngroh pecetat n\u00eb temperatur\u00ebn ideale p\u00ebr rehati dhe but\u00ebsi.<\/li>\n<li>Mban lag\u00ebshtin\u00eb me kapak hermetik p\u00ebr pastrim t\u00eb fresk\u00ebt.<\/li>\n<li>Dizajn praktik dhe elegant, i p\u00ebrshtatsh\u00ebm p\u00ebr \u00e7do ambient.<\/li>\n<li>Siguron kujdes t\u00eb but\u00eb p\u00ebr l\u00ebkur\u00ebn e ndjeshme t\u00eb bebes.<\/li>\n<li>I leht\u00eb p\u00ebr t\u2019u p\u00ebrdorur dhe ideal p\u00ebr nd\u00ebrrimet e foshnj\u00ebs.<\/li>\n<\/ul>","protected":false},"featured_media":7324,"template":"","meta":[],"product_brand":[],"product_cat":[99],"product_tag":[278],"class_list":{"0":"post-7323","1":"product","2":"type-product","3":"status-publish","4":"has-post-thumbnail","6":"product_cat-bebe","7":"product_tag-momcozywipewarmer-babyessentials-diaperchanges-warmwipes-parentinghacks","9":"first","10":"instock","11":"shipping-taxable","12":"purchasable","13":"product-type-simple"},"_links":{"self":[{"href":"https:\/\/www.momcozy.al\/en\/wp-json\/wp\/v2\/product\/7323","targetHints":{"allow":["GET"]}}],"collection":[{"href":"https:\/\/www.momcozy.al\/en\/wp-json\/wp\/v2\/product"}],"about":[{"href":"https:\/\/www.momcozy.al\/en\/wp-json\/wp\/v2\/types\/product"}],"wp:featuredmedia":[{"embeddable":true,"href":"https:\/\/www.momcozy.al\/en\/wp-json\/wp\/v2\/media\/7324"}],"wp:attachment":[{"href":"https:\/\/www.momcozy.al\/en\/wp-json\/wp\/v2\/media?parent=7323"}],"wp:term":[{"taxonomy":"product_brand","embeddable":true,"href":"https:\/\/www.momcozy.al\/en\/wp-json\/wp\/v2\/product_brand?post=7323"},{"taxonomy":"product_cat","embeddable":true,"href":"https:\/\/www.momcozy.al\/en\/wp-json\/wp\/v2\/product_cat?post=7323"},{"taxonomy":"product_tag","embeddable":true,"href":"https:\/\/www.momcozy.al\/en\/wp-json\/wp\/v2\/product_tag?post=7323"}],"curies":[{"name":"wp","href":"https:\/\/api.w.org\/{rel}","templated":true}]}}