{"id":7338,"date":"2025-10-11T08:15:57","date_gmt":"2025-10-11T08:15:57","guid":{"rendered":"https:\/\/www.momcozy.al\/?post_type=product&#038;p=7338"},"modified":"2026-01-01T09:27:35","modified_gmt":"2026-01-01T09:27:35","slug":"momcozy-portable-sound-machine-with-night-light","status":"publish","type":"product","link":"https:\/\/www.momcozy.al\/en\/product\/momcozy-portable-sound-machine-with-night-light\/","title":{"rendered":"Momcozy Portable Sound Machine with Night Light"},"content":{"rendered":"<p>Momcozy Portable Sound Machine sjell qet\u00ebsi dhe gjum\u00eb t\u00eb \u00ebmb\u00ebl p\u00ebr beben, kudo q\u00eb ndodheni. Me 20 tinguj qet\u00ebsues\u2013 nga ninullat e buta deri te zhurmat natyrore \u2013 dhe drit\u00ebn e ngroht\u00eb qelibar, krijon nj\u00eb ambient t\u00eb rehatsh\u00ebm q\u00eb ndihmon n\u00eb gjumin e pand\u00ebrprer\u00eb gjat\u00eb nat\u00ebs.<br \/>\nKompakte dhe e leht\u00eb p\u00ebr t\u2019u mbajtur, mund t\u00eb fiksohet n\u00eb karroc\u00eb, karrige makine apo t\u00eb futet n\u00eb \u00e7ant\u00ebn e bebes, ideale p\u00ebr udh\u00ebtime.<br \/>\nBateria USB-C e rikarikueshme ofron deri n\u00eb 10 or\u00eb p\u00ebrdorim, nd\u00ebrsa bllokimi i siguris\u00eb p\u00ebr f\u00ebmij\u00ebt dhe koh\u00ebmat\u00ebsi automatik e b\u00ebjn\u00eb praktike dhe t\u00eb sigurt p\u00ebr prind\u00ebrit.<br \/>\nNj\u00eb zgjidhje e zgjuar q\u00eb sjell qet\u00ebsi, komoditet dhe gjum\u00eb t\u00eb thell\u00eb p\u00ebr t\u00eb vegjlit dhe p\u00ebr ju.<\/p>","protected":false},"excerpt":{"rendered":"<ul>\n<li>20 tinguj qet\u00ebsues: ninulla, zhurma natyrore dhe m\u00eb shum\u00eb.<\/li>\n<li>Drit\u00eb e ngroht\u00eb qelibar p\u00ebr ambient t\u00eb rehatsh\u00ebm nate.<\/li>\n<li>Kompakte dhe e leht\u00eb, fiksohet n\u00eb karroc\u00eb, karrige makine apo n\u00eb \u00e7ant\u00ebn e bebes.<\/li>\n<li>Bateri USB-C me deri n\u00eb 10 or\u00eb p\u00ebrdorim t\u00eb vazhduesh\u00ebm.<\/li>\n<li>Bllokim sigurie p\u00ebr f\u00ebmij\u00ebt dhe koh\u00ebmat\u00ebs automatik p\u00ebr p\u00ebrdorim t\u00eb leht\u00eb.<\/li>\n<li>Ideale p\u00ebr gjum\u00eb t\u00eb qet\u00eb dhe udh\u00ebtime pa shqet\u00ebsime.<\/li>\n<\/ul>","protected":false},"featured_media":7340,"template":"","meta":[],"product_brand":[],"product_cat":[99,116],"product_tag":[279],"class_list":{"0":"post-7338","1":"product","2":"type-product","3":"status-publish","4":"has-post-thumbnail","6":"product_cat-bebe","7":"product_cat-pajisje-me-muzik-per-gjume","8":"product_tag-momcozy-soundmachine-gjumiibebes-tingujqetesues-gjumeirahatshem","10":"first","11":"instock","12":"shipping-taxable","13":"purchasable","14":"product-type-simple"},"_links":{"self":[{"href":"https:\/\/www.momcozy.al\/en\/wp-json\/wp\/v2\/product\/7338","targetHints":{"allow":["GET"]}}],"collection":[{"href":"https:\/\/www.momcozy.al\/en\/wp-json\/wp\/v2\/product"}],"about":[{"href":"https:\/\/www.momcozy.al\/en\/wp-json\/wp\/v2\/types\/product"}],"wp:featuredmedia":[{"embeddable":true,"href":"https:\/\/www.momcozy.al\/en\/wp-json\/wp\/v2\/media\/7340"}],"wp:attachment":[{"href":"https:\/\/www.momcozy.al\/en\/wp-json\/wp\/v2\/media?parent=7338"}],"wp:term":[{"taxonomy":"product_brand","embeddable":true,"href":"https:\/\/www.momcozy.al\/en\/wp-json\/wp\/v2\/product_brand?post=7338"},{"taxonomy":"product_cat","embeddable":true,"href":"https:\/\/www.momcozy.al\/en\/wp-json\/wp\/v2\/product_cat?post=7338"},{"taxonomy":"product_tag","embeddable":true,"href":"https:\/\/www.momcozy.al\/en\/wp-json\/wp\/v2\/product_tag?post=7338"}],"curies":[{"name":"wp","href":"https:\/\/api.w.org\/{rel}","templated":true}]}}