{"id":7369,"date":"2025-10-11T09:10:49","date_gmt":"2025-10-11T09:10:49","guid":{"rendered":"https:\/\/www.momcozy.al\/?post_type=product&#038;p=7369"},"modified":"2026-01-01T09:27:34","modified_gmt":"2026-01-01T09:27:34","slug":"momcozy-5-inch-dual-mode-smart-baby-monitor-with-2-cameras-bm04","status":"publish","type":"product","link":"https:\/\/www.momcozy.al\/en\/product\/momcozy-5-inch-dual-mode-smart-baby-monitor-with-2-cameras-bm04\/","title":{"rendered":"Momcozy 5-Inch Dual-Mode Smart Baby Monitor With 2 Cameras &#8211; BM04"},"content":{"rendered":"<p>Momcozy BM04 \u00ebsht\u00eb nj\u00eb monitor inteligjent p\u00ebr bebe me ekran 5 in\u00e7 dhe dy kamera, q\u00eb ofron m\u00ebnyr\u00eb lidhjeje WiFiose pa WiFi, sipas nevoj\u00ebs. Ai jep pamje 1080p HD, ka vizion nate, rrotullim 350\u00b0, anim 110\u00b0, dhe zmadhim deri n\u00eb 4\u00d7 p\u00ebr mbik\u00ebqyrje t\u00eb plot\u00eb t\u00eb dhom\u00ebs. Pajisja d\u00ebrgon njoftime p\u00ebr l\u00ebvizje, t\u00eb qara ose dalje nga zona e siguris\u00eb, dhe mund t\u00eb lidhet me deri n\u00eb 4 kamera. Prind\u00ebrit mund t\u00eb shikojn\u00eb videon n\u00eb monitor ose p\u00ebrmes aplikacionit, ta ndajn\u00eb me familjar\u00ebt dhe ta ruajn\u00eb n\u00eb microSD ose cloud. Praktik, i sigurt dhe me bateri q\u00eb zgjat gjat\u00eb, BM04 \u00ebsht\u00eb zgjidhje e p\u00ebrshtatshme p\u00ebr prind\u00ebr q\u00eb k\u00ebrkojn\u00eb qet\u00ebsi dhe fleksibilitet n\u00eb kujdesin ndaj bebes.<\/p>","protected":false},"excerpt":{"rendered":"<ul>\n<li>Ekran: 5 in\u00e7 me rezolucion t\u00eb lart\u00eb (1080p HD)<\/li>\n<li>Kamera: 2 nj\u00ebsi me rrotullim 350\u00b0, anim 110\u00b0 dhe zmadhim 4\u00d7<\/li>\n<li>Lidhja: Dy m\u00ebnyra \u2013 WiFi dhe pa WiFi (p\u00ebr privat\u00ebsi dhe stabilitet)<\/li>\n<li>Funksione inteligjente: Njoftime p\u00ebr t\u00eb qara, l\u00ebvizje dhe dalje nga zona e siguris\u00eb<\/li>\n<li>Mb\u00ebshtetje p\u00ebr shum\u00eb kamera: Deri n\u00eb 4 nj\u00ebsi n\u00eb nj\u00eb monitor<\/li>\n<li>Regjistrim: Me kart\u00eb microSD (32\u2013256 GB) ose ruajtje n\u00eb cloud<\/li>\n<li>Vizioni i nat\u00ebs: Pamje e qart\u00eb edhe n\u00eb err\u00ebsir\u00eb totale<\/li>\n<li>Bateri: Deri n\u00eb 20 or\u00eb p\u00ebrdorim n\u00eb modalitet normal<\/li>\n<li>Ndarje video: Mund\u00ebsi p\u00ebr ta ndar\u00eb me familjar\u00eb p\u00ebrmes aplikacionit<\/li>\n<li>Ideale p\u00ebr: Prind\u00ebr q\u00eb k\u00ebrkojn\u00eb siguri, fleksibilitet dhe mbik\u00ebqyrje t\u00eb qet\u00eb t\u00eb bebes<\/li>\n<\/ul>","protected":false},"featured_media":7370,"template":"","meta":[],"product_brand":[],"product_cat":[99,118],"product_tag":[281],"class_list":{"0":"post-7369","1":"product","2":"type-product","3":"status-publish","4":"has-post-thumbnail","6":"product_cat-bebe","7":"product_cat-pajisje-per-te-monitoruar-bebin","8":"product_tag-momcozy-bm04-babymonitor-smartbabymonitor-monitorbebe-kujdesiperbebet-teknologjiperprinder-wifimonitor-fullhd1080p-dykamera-vizioniinates-siguriaebebes","10":"first","11":"instock","12":"shipping-taxable","13":"purchasable","14":"product-type-simple"},"_links":{"self":[{"href":"https:\/\/www.momcozy.al\/en\/wp-json\/wp\/v2\/product\/7369","targetHints":{"allow":["GET"]}}],"collection":[{"href":"https:\/\/www.momcozy.al\/en\/wp-json\/wp\/v2\/product"}],"about":[{"href":"https:\/\/www.momcozy.al\/en\/wp-json\/wp\/v2\/types\/product"}],"wp:featuredmedia":[{"embeddable":true,"href":"https:\/\/www.momcozy.al\/en\/wp-json\/wp\/v2\/media\/7370"}],"wp:attachment":[{"href":"https:\/\/www.momcozy.al\/en\/wp-json\/wp\/v2\/media?parent=7369"}],"wp:term":[{"taxonomy":"product_brand","embeddable":true,"href":"https:\/\/www.momcozy.al\/en\/wp-json\/wp\/v2\/product_brand?post=7369"},{"taxonomy":"product_cat","embeddable":true,"href":"https:\/\/www.momcozy.al\/en\/wp-json\/wp\/v2\/product_cat?post=7369"},{"taxonomy":"product_tag","embeddable":true,"href":"https:\/\/www.momcozy.al\/en\/wp-json\/wp\/v2\/product_tag?post=7369"}],"curies":[{"name":"wp","href":"https:\/\/api.w.org\/{rel}","templated":true}]}}