{"id":7381,"date":"2025-10-11T09:25:52","date_gmt":"2025-10-11T09:25:52","guid":{"rendered":"https:\/\/www.momcozy.al\/?post_type=product&#038;p=7381"},"modified":"2026-01-01T09:27:34","modified_gmt":"2026-01-01T09:27:34","slug":"momcozy-dinerpal-wooden-high-chair-for-babies","status":"publish","type":"product","link":"https:\/\/www.momcozy.al\/en\/product\/momcozy-dinerpal-wooden-high-chair-for-babies\/","title":{"rendered":"Momcozy DinerPal Wooden High Chair for Babies"},"content":{"rendered":"<p>Momcozy DinerPal Wood \u2013 Karrigia q\u00eb rritet me f\u00ebmij\u00ebn tuaj<\/p>\n<p>Karrigia e ngr\u00ebnies Momcozy DinerPal (Wood) \u00ebsht\u00eb nj\u00eb zgjidhje elegante dhe shum\u00ebfunksionale q\u00eb e shoq\u00ebron f\u00ebmij\u00ebn nga faza e bebeve deri n\u00eb mosh\u00ebn e rritur. E krijuar me dru buke t\u00eb certifikuar FSC dhe materiale ushqimore BPA-free, kjo karrige ofron siguri, q\u00ebndrueshm\u00ebri dhe stil natyral p\u00ebr \u00e7do sht\u00ebpi.<\/p>\n<p>DinerPal \u201crritet\u201d bashk\u00eb me f\u00ebmij\u00ebn, duke ofruar 5 m\u00ebnyra p\u00ebrdorimi: si karrige p\u00ebr bebe, stol p\u00ebr f\u00ebmij\u00eb, stol tavoline, karrige p\u00ebr t\u00eb rritur dhe kull\u00eb m\u00ebsimi (learning tower).<\/p>","protected":false},"excerpt":{"rendered":"<ul>\n<li>Materiale premium: Dru i fort\u00eb buke (FSC) dhe plastik\u00eb ushqimore e aprovuar nga FDA, pa BPA.<\/li>\n<li>Kapacitet i lart\u00eb mbajtjeje: Deri n\u00eb 140 kg, p\u00ebr p\u00ebrdorim afatgjat\u00eb dhe shum\u00eb q\u00ebllime.<\/li>\n<li>Pjat\u00eb ushqimi e heqshme &amp; rezistente: E gjer\u00eb, praktike dhe e p\u00ebrshtatshme p\u00ebr lavastoviglie (dishwasher safe).<\/li>\n<li>Rregullim fleksib\u00ebl: 7 nivele lart\u00ebsie p\u00ebr sediljen, 7 p\u00ebr mb\u00ebshtet\u00ebsen e k\u00ebmb\u00ebve dhe 2 pozicione thell\u00ebsie.<\/li>\n<li>Dizajn stabil &amp; i sigurt: Baz\u00eb trek\u00ebndore dhe k\u00ebmb\u00eb kund\u00ebr rr\u00ebshqitjes p\u00ebr stabilitet maksimal.<\/li>\n<li>Dizajn modern skandinav: Kombinon estetik\u00ebn natyrale me funksionalitetin praktik t\u00eb p\u00ebrditsh\u00ebm.<\/li>\n<\/ul>","protected":false},"featured_media":7382,"template":"","meta":[],"product_brand":[],"product_cat":[99,242],"product_tag":[],"class_list":{"0":"post-7381","1":"product","2":"type-product","3":"status-publish","4":"has-post-thumbnail","6":"product_cat-bebe","7":"product_cat-produkte-per-aktivitetin-e-bebeve","9":"first","10":"instock","11":"shipping-taxable","12":"purchasable","13":"product-type-simple"},"_links":{"self":[{"href":"https:\/\/www.momcozy.al\/en\/wp-json\/wp\/v2\/product\/7381","targetHints":{"allow":["GET"]}}],"collection":[{"href":"https:\/\/www.momcozy.al\/en\/wp-json\/wp\/v2\/product"}],"about":[{"href":"https:\/\/www.momcozy.al\/en\/wp-json\/wp\/v2\/types\/product"}],"wp:featuredmedia":[{"embeddable":true,"href":"https:\/\/www.momcozy.al\/en\/wp-json\/wp\/v2\/media\/7382"}],"wp:attachment":[{"href":"https:\/\/www.momcozy.al\/en\/wp-json\/wp\/v2\/media?parent=7381"}],"wp:term":[{"taxonomy":"product_brand","embeddable":true,"href":"https:\/\/www.momcozy.al\/en\/wp-json\/wp\/v2\/product_brand?post=7381"},{"taxonomy":"product_cat","embeddable":true,"href":"https:\/\/www.momcozy.al\/en\/wp-json\/wp\/v2\/product_cat?post=7381"},{"taxonomy":"product_tag","embeddable":true,"href":"https:\/\/www.momcozy.al\/en\/wp-json\/wp\/v2\/product_tag?post=7381"}],"curies":[{"name":"wp","href":"https:\/\/api.w.org\/{rel}","templated":true}]}}