{"id":7399,"date":"2025-10-11T10:54:33","date_gmt":"2025-10-11T10:54:33","guid":{"rendered":"https:\/\/www.momcozy.al\/?post_type=product&#038;p=7399"},"modified":"2026-01-01T09:27:34","modified_gmt":"2026-01-01T09:27:34","slug":"momcozy-large-reusable-hot-cold-breast-pads-2-pads","status":"publish","type":"product","link":"https:\/\/www.momcozy.al\/en\/product\/momcozy-large-reusable-hot-cold-breast-pads-2-pads\/","title":{"rendered":"Momcozy Large Reusable Hot &#038; Cold Breast Pads (2 Pads)"},"content":{"rendered":"<p>Momcozy\u00a0Reusable Hot &amp; Cold Breast Pads\u00a0jan\u00eb pashmina terapike t\u00eb rip\u00ebrdorshme p\u00ebr n\u00ebnat gjidh\u00ebn\u00ebse, q\u00eb ofrojn\u00eb leht\u00ebsim natyral nga dhimbja, \u00ebnjtja dhe bllokimet e gjirit. Mund t\u00eb p\u00ebrdoren\u00a0t\u00eb nxehta\u00a0p\u00ebr t\u00eb stimuluar rrjedhjen e qum\u00ebshtit dhe p\u00ebr t\u00eb zbutur kanalet e bllokuara, ose\u00a0t\u00eb ftohta\u00a0p\u00ebr t\u00eb ulur inflamacionin dhe tensionin. T\u00eb prodhuara me\u00a0gel pa BPA\/BPS, me\u00a0form\u00eb ergonomike\u00a0q\u00eb p\u00ebrshtatet me gjoksin dhe\u00a02 kopertina t\u00eb buta\u00a0p\u00ebr rehati maksimale, ato sigurojn\u00eb ngroht\u00ebsi ose freski t\u00eb q\u00ebndrueshme kurdo q\u00eb nevojitet, duke e b\u00ebr\u00eb periudh\u00ebn e gjidh\u00ebnies m\u00eb t\u00eb leht\u00eb dhe m\u00eb komode.<\/p>","protected":false},"excerpt":{"rendered":"<ul>\n<li>P\u00ebrdorim i dyfisht\u00eb: mund t\u00eb p\u00ebrdoren si t\u00eb nxehta ose t\u00eb ftohta, sipas nevoj\u00ebs.<\/li>\n<li>T\u00eb nxehta: ndihmojn\u00eb n\u00eb hapjen e kanaleve t\u00eb qum\u00ebshtit dhe stimulimin e rrjedh\u00ebs.<\/li>\n<li>T\u00eb ftohta: reduktojn\u00eb \u00ebnjtjen, dhimbjen dhe inflamacionin e gjirit.<\/li>\n<li>Material i sigurt: gel pa BPA\/BPS, jo toksik dhe fleksib\u00ebl.<\/li>\n<li>Kopertina t\u00eb buta: p\u00ebr rehati dhe mbrojtje t\u00eb l\u00ebkur\u00ebs gjat\u00eb p\u00ebrdorimit.<\/li>\n<li>Form\u00eb ergonomike: p\u00ebrshtatet me form\u00ebn e gjirit dhe q\u00ebndron leht\u00eb n\u00ebn rroba.<\/li>\n<li>Ri-p\u00ebrdorshme: t\u00eb q\u00ebndrueshme dhe t\u00eb lehta p\u00ebr t\u2019u pastruar.<\/li>\n<li>Ideale p\u00ebr n\u00ebnat gjidh\u00ebn\u00ebse: leht\u00ebson shqet\u00ebsimet e zakonshme dhe p\u00ebrmir\u00ebson p\u00ebrvoj\u00ebn e ushqyerjes me gji.<\/li>\n<\/ul>","protected":false},"featured_media":7400,"template":"","meta":[],"product_brand":[],"product_cat":[105,98,125],"product_tag":[283],"class_list":{"0":"post-7399","1":"product","2":"type-product","3":"status-publish","4":"has-post-thumbnail","6":"product_cat-kujdesi-mamit","7":"product_cat-mama","8":"product_cat-pads-me-gel-qetesues","9":"product_tag-momcozy-breastpads-hotandcoldtherapy-breastfeedingessentials-nenagjidhenese-lehtesimnatyral-pompimdhegjidhenie-engorgementrelief-cloggedductrelief","11":"first","12":"instock","13":"shipping-taxable","14":"purchasable","15":"product-type-simple"},"_links":{"self":[{"href":"https:\/\/www.momcozy.al\/en\/wp-json\/wp\/v2\/product\/7399","targetHints":{"allow":["GET"]}}],"collection":[{"href":"https:\/\/www.momcozy.al\/en\/wp-json\/wp\/v2\/product"}],"about":[{"href":"https:\/\/www.momcozy.al\/en\/wp-json\/wp\/v2\/types\/product"}],"wp:featuredmedia":[{"embeddable":true,"href":"https:\/\/www.momcozy.al\/en\/wp-json\/wp\/v2\/media\/7400"}],"wp:attachment":[{"href":"https:\/\/www.momcozy.al\/en\/wp-json\/wp\/v2\/media?parent=7399"}],"wp:term":[{"taxonomy":"product_brand","embeddable":true,"href":"https:\/\/www.momcozy.al\/en\/wp-json\/wp\/v2\/product_brand?post=7399"},{"taxonomy":"product_cat","embeddable":true,"href":"https:\/\/www.momcozy.al\/en\/wp-json\/wp\/v2\/product_cat?post=7399"},{"taxonomy":"product_tag","embeddable":true,"href":"https:\/\/www.momcozy.al\/en\/wp-json\/wp\/v2\/product_tag?post=7399"}],"curies":[{"name":"wp","href":"https:\/\/api.w.org\/{rel}","templated":true}]}}