{"id":7449,"date":"2025-12-09T10:25:07","date_gmt":"2025-12-09T10:25:07","guid":{"rendered":"https:\/\/www.momcozy.al\/?post_type=product&#038;p=7449"},"modified":"2026-02-14T07:19:13","modified_gmt":"2026-02-14T07:19:13","slug":"momcozy-breezyclear-2-in-1-spray-suction-aspirator-nazal-elektrik","status":"publish","type":"product","link":"https:\/\/www.momcozy.al\/en\/product\/momcozy-breezyclear-2-in-1-spray-suction-aspirator-nazal-elektrik\/","title":{"rendered":"Momcozy BreezyClear\u2122 2-in-1 Spray &#038; Suction Aspirator Nazal Elektrik"},"content":{"rendered":"<p><b>Dizajn 2-n\u00eb-1<\/b><\/p>\n<p>Kombinon funksionin e sp\u00ebrkatjes me avull t\u00eb im\u00ebt dhe thithjes elektrike p\u00ebr nj\u00eb pastrim t\u00eb plot\u00eb dhe efektiv t\u00eb hund\u00ebs s\u00eb bebes.<\/p>\n<p><b>Thithje me Cil\u00ebsi Spitalore<\/b><\/p>\n<p>Me fuqi t\u00eb fort\u00eb thith\u00ebse deri n\u00eb <b>65 kPa<\/b>, aspiratori largon n\u00eb m\u00ebnyr\u00eb efikase mukusin nga rrug\u00ebt nazale t\u00eb f\u00ebmij\u00ebs, duke ofruar leht\u00ebsim t\u00eb menj\u00ebhersh\u00ebm nga bllokimi.<\/p>\n<p><b>4 Nivele Thithjeje<\/b><\/p>\n<p>I projektuar p\u00ebr moshat e ndryshme, nga t\u00eb porsalindurit te f\u00ebmij\u00ebt m\u00eb t\u00eb rritur:<\/p>\n<ul>\n<li><b>Niveli 1 (2.0L)<\/b> \u2013 Thithje e but\u00eb p\u00ebr t\u00eb porsalindur<\/li>\n<li><b>Niveli 2 (2.2L)<\/b> \u2013 Thithje e leht\u00eb p\u00ebr foshnja<\/li>\n<li><b>Niveli 3 (2.5L)<\/b> \u2013 Thithje mesatare p\u00ebr f\u00ebmij\u00eb t\u00eb vegj\u00ebl<\/li>\n<li><b>Niveli 4 (2.8L)<\/b> \u2013 Thithje e fort\u00eb p\u00ebr f\u00ebmij\u00eb m\u00eb t\u00eb rritur ose bllokime m\u00eb t\u00eb forta<\/li>\n<\/ul>\n<p><b>Bateri me Koh\u00ebzgjatje t\u00eb Lart\u00eb<\/b><\/p>\n<ul>\n<li>Deri n\u00eb <b>3 or\u00eb p\u00ebrdorim t\u00eb vazhduesh\u00ebm<\/b> me nj\u00eb karikim t\u00eb plot\u00eb.<\/li>\n<li>Zgjat <b>20\u201330 dit\u00eb<\/b> p\u00ebr p\u00ebrdorim normal.<\/li>\n<li>E rikarikueshme, praktike dhe e q\u00ebndrueshme.<\/li>\n<\/ul>\n<p><b>Funksion i Dyfisht\u00eb: Sp\u00ebrkatje &amp; Thithje<\/b><\/p>\n<p>Fillon me nj\u00eb sp\u00ebrkatje t\u00eb but\u00eb p\u00ebr t\u00eb lagur dhe zbutur mukusin, e ndjekur nga thithja e fuqishme p\u00ebr pastrim maksimal.<\/p>\n<p><b>Sp\u00ebrkatje e Sigurt 6-Sekond\u00ebshe<\/b><\/p>\n<p>Avulli ultra-fine <b>10 \u03bcm<\/b> hidraton kanalet nazale pa dep\u00ebrtuar n\u00eb mushk\u00ebri. Pajisja fiket automatikisht pas 6 sekondash p\u00ebr siguri maksimale.<\/p>\n<p><b>P\u00ebrdorim i Qet\u00eb + Funksione Qet\u00ebsuese p\u00ebr Bebet<\/b><\/p>\n<ul>\n<li>Dizajn me zhurm\u00eb t\u00eb ul\u00ebt q\u00eb nuk shqet\u00ebson beben.<\/li>\n<li>I pajisur me drita LED shum\u00ebngjyr\u00ebshe dhe <b>6 ninulla relaksuese<\/b> p\u00ebr ta mbajtur beben t\u00eb qet\u00eb dhe t\u00eb angazhuar gjat\u00eb p\u00ebrdorimit.<\/li>\n<\/ul>\n<p><b>E Leht\u00eb p\u00ebr T\u2019u \u00c7montuar &amp; Pastruar<\/b><\/p>\n<p>Pastrimi \u00ebsht\u00eb i thjesht\u00eb dhe i shpejt\u00eb, duke siguruar higjien\u00eb t\u00eb lart\u00eb pas \u00e7do p\u00ebrdorimi.<\/p>\n<p><b>Dy Opsione Majash Nazale<\/b><\/p>\n<ul>\n<li><b>Maja n\u00eb form\u00eb kungulli<\/b> \u2013 e but\u00eb dhe mbrojt\u00ebse p\u00ebr kanalet delikate t\u00eb t\u00eb porsalindurve<\/li>\n<li><b>Maja e holl\u00eb<\/b> \u2013 p\u00ebr dep\u00ebrtim m\u00eb t\u00eb thell\u00eb dhe pastrim m\u00eb t\u00eb plot\u00eb<\/li>\n<\/ul>","protected":false},"excerpt":{"rendered":"<p>Dizajn 2-n\u00eb-1 Kombinon funksionin e sp\u00ebrkatjes me avull t\u00eb im\u00ebt dhe thithjes elektrike p\u00ebr nj\u00eb pastrim t\u00eb plot\u00eb dhe efektiv t\u00eb hund\u00ebs s\u00eb bebes. &hellip;<\/p>","protected":false},"featured_media":7451,"template":"","meta":[],"product_brand":[],"product_cat":[111,99],"product_tag":[],"class_list":{"0":"post-7449","1":"product","2":"type-product","3":"status-publish","4":"has-post-thumbnail","6":"product_cat-aspirator-nazal","7":"product_cat-bebe","9":"first","10":"instock","11":"shipping-taxable","12":"purchasable","13":"product-type-simple"},"_links":{"self":[{"href":"https:\/\/www.momcozy.al\/en\/wp-json\/wp\/v2\/product\/7449","targetHints":{"allow":["GET"]}}],"collection":[{"href":"https:\/\/www.momcozy.al\/en\/wp-json\/wp\/v2\/product"}],"about":[{"href":"https:\/\/www.momcozy.al\/en\/wp-json\/wp\/v2\/types\/product"}],"wp:featuredmedia":[{"embeddable":true,"href":"https:\/\/www.momcozy.al\/en\/wp-json\/wp\/v2\/media\/7451"}],"wp:attachment":[{"href":"https:\/\/www.momcozy.al\/en\/wp-json\/wp\/v2\/media?parent=7449"}],"wp:term":[{"taxonomy":"product_brand","embeddable":true,"href":"https:\/\/www.momcozy.al\/en\/wp-json\/wp\/v2\/product_brand?post=7449"},{"taxonomy":"product_cat","embeddable":true,"href":"https:\/\/www.momcozy.al\/en\/wp-json\/wp\/v2\/product_cat?post=7449"},{"taxonomy":"product_tag","embeddable":true,"href":"https:\/\/www.momcozy.al\/en\/wp-json\/wp\/v2\/product_tag?post=7449"}],"curies":[{"name":"wp","href":"https:\/\/api.w.org\/{rel}","templated":true}]}}