{"id":7458,"date":"2025-12-09T13:20:05","date_gmt":"2025-12-09T13:20:05","guid":{"rendered":"https:\/\/www.momcozy.al\/?post_type=product&#038;p=7458"},"modified":"2026-02-01T10:45:56","modified_gmt":"2026-02-01T10:45:56","slug":"momcozy-quick-clean-breast-pump-accessory-spray-nga-momcozy","status":"publish","type":"product","link":"https:\/\/www.momcozy.al\/en\/product\/momcozy-quick-clean-breast-pump-accessory-spray-nga-momcozy\/","title":{"rendered":"Momcozy Quick Clean Breast Pump &#038; Accessory Spray nga Momcozy"},"content":{"rendered":"<p>Momcozy Spray Pastrues p\u00ebr pomp\u00ebn e gjirit portative &#8211; Mbani pomp\u00ebn tuaj t\u00eb gjirit t\u00eb past\u00ebr dhe higjienik kudo me Momcozy Portable Breast Pump Cleaner Spray. Ky spraj i fuqish\u00ebm dhe efektiv \u00ebsht\u00eb formuluar posa\u00e7\u00ebrisht p\u00ebr t\u00eb dezinfektuar dhe pastruar pjes\u00ebt e pomp\u00ebs tuaj t\u00eb gjirit, duke siguruar sigurin\u00eb dhe higjien\u00ebn p\u00ebr ju dhe foshnj\u00ebn tuaj. Mjafton ta spruconi dhe ta fshini, pa nevoj\u00eb p\u00ebr uj\u00eb ose sapun, duke e b\u00ebr\u00eb at\u00eb zgjidhjen perfekte p\u00ebr n\u00ebnat n\u00eb l\u00ebvizje.<\/p>\n<p>I sigurt p\u00ebr t\u00eb gjitha materialet e pomp\u00ebs s\u00eb gjirit, ai eliminon 99.9% t\u00eb baktereve dhe viruseve, duke ju ofruar paqe mendore. Ky spraj i past\u00ebr dhe i l\u00eb pa er\u00eb \u00ebsht\u00eb gjithashtu i p\u00ebrshtatsh\u00ebm p\u00ebr pastrimin e biberonave, pajisjeve t\u00eb ushqimit dhe sip\u00ebrfaqeve t\u00eb tjera, duke e b\u00ebr\u00eb at\u00eb nj\u00eb shtes\u00eb thelb\u00ebsore n\u00eb \u00e7ant\u00ebn tuaj t\u00eb n\u00ebn\u00ebs. Mbrojtje e besueshme nga mikrobet, kudo q\u00eb jeni<\/p>\n<p><b>P\u00ebrpar\u00ebsit\u00eb kryesore:<\/b><\/p>\n<ul>\n<li>Dezinfektim dhe pastrim efektiv<\/li>\n<li>Ideale p\u00ebr p\u00ebrdorim n\u00eb l\u00ebvizje<\/li>\n<li>E sigurt p\u00ebr t\u00eb gjitha pjes\u00ebt e pomp\u00ebs s\u00eb gjirit<\/li>\n<li>Eliminon 99.9% t\u00eb baktereve dhe viruseve<\/li>\n<li>I l\u00eb pa er\u00eb dhe i sigurt p\u00ebr foshnj\u00ebn<\/li>\n<li>I gjithansh\u00ebm: i p\u00ebrshtatsh\u00ebm edhe p\u00ebr biberona dhe pajisje ushqimore<\/li>\n<\/ul>","protected":false},"excerpt":{"rendered":"<p>Momcozy Quick Clean Breast Pump &amp; Accessory Spray<\/p>\n<ul>\n<li>Dezinfektim dhe pastrim efektiv<\/li>\n<li>Ideale p\u00ebr p\u00ebrdorim n\u00eb l\u00ebvizje<\/li>\n<li>E sigurt p\u00ebr t\u00eb gjitha pjes\u00ebt e pomp\u00ebs s\u00eb gjirit<\/li>\n<li>Eliminon 99.9% t\u00eb baktereve dhe viruseve<\/li>\n<li>I l\u00eb pa er\u00eb dhe i sigurt p\u00ebr foshnj\u00ebn<\/li>\n<li>I gjithansh\u00ebm: i p\u00ebrshtatsh\u00ebm edhe p\u00ebr biberona dhe pajisje ushqimore<\/li>\n<\/ul>","protected":false},"featured_media":7459,"template":"","meta":[],"product_brand":[],"product_cat":[98,136],"product_tag":[284],"class_list":{"0":"post-7458","1":"product","2":"type-product","3":"status-publish","4":"has-post-thumbnail","6":"product_cat-mama","7":"product_cat-pastrues-sterilizues-shisheje-mama","8":"product_tag-momcozy-breastpumpcleaner-babycare-momlife-sanitizeonthego","10":"first","11":"instock","12":"shipping-taxable","13":"purchasable","14":"product-type-simple"},"_links":{"self":[{"href":"https:\/\/www.momcozy.al\/en\/wp-json\/wp\/v2\/product\/7458","targetHints":{"allow":["GET"]}}],"collection":[{"href":"https:\/\/www.momcozy.al\/en\/wp-json\/wp\/v2\/product"}],"about":[{"href":"https:\/\/www.momcozy.al\/en\/wp-json\/wp\/v2\/types\/product"}],"wp:featuredmedia":[{"embeddable":true,"href":"https:\/\/www.momcozy.al\/en\/wp-json\/wp\/v2\/media\/7459"}],"wp:attachment":[{"href":"https:\/\/www.momcozy.al\/en\/wp-json\/wp\/v2\/media?parent=7458"}],"wp:term":[{"taxonomy":"product_brand","embeddable":true,"href":"https:\/\/www.momcozy.al\/en\/wp-json\/wp\/v2\/product_brand?post=7458"},{"taxonomy":"product_cat","embeddable":true,"href":"https:\/\/www.momcozy.al\/en\/wp-json\/wp\/v2\/product_cat?post=7458"},{"taxonomy":"product_tag","embeddable":true,"href":"https:\/\/www.momcozy.al\/en\/wp-json\/wp\/v2\/product_tag?post=7458"}],"curies":[{"name":"wp","href":"https:\/\/api.w.org\/{rel}","templated":true}]}}