{"id":7467,"date":"2025-12-13T09:07:46","date_gmt":"2025-12-13T09:07:46","guid":{"rendered":"https:\/\/www.momcozy.al\/?post_type=product&#038;p=7467"},"modified":"2026-01-01T09:27:34","modified_gmt":"2026-01-01T09:27:34","slug":"momcozy-hospital-grade-nasal-aspirator","status":"publish","type":"product","link":"https:\/\/www.momcozy.al\/en\/product\/momcozy-hospital-grade-nasal-aspirator\/","title":{"rendered":"Momcozy \u2013 Hospital Grade Nasal Aspirator"},"content":{"rendered":"<p>E fuqishme dhe e but\u00eb: 9 nivele t\u00eb thithjes (deri n\u00eb 70 kPa) p\u00ebr t\u00eb pastruar hund\u00ebn e f\u00ebmij\u00ebs n\u00eb m\u00ebnyr\u00eb efektive, nga bebet 2 vje\u00e7 deri tek f\u00ebmij\u00ebt 12 vje\u00e7.<\/p>\n<p>3 koka silikoni t\u00eb ndryshme p\u00ebr p\u00ebrdorim t\u00eb sigurt dhe komod p\u00ebr \u00e7do mosh\u00eb dhe situat\u00eb.<\/p>\n<p>Pastrim i leht\u00eb:Mund t\u00eb ndahet t\u00ebr\u00ebsisht p\u00ebr pastrim t\u00eb thell\u00eb; i sigurt n\u00eb makin\u00eb en\u00ebsh ose me dor\u00eb.<\/p>\n<p>Karikim USB-C: P\u00ebrs\u00ebritet dhe \u00ebsht\u00eb gati p\u00ebr p\u00ebrdorim shpejt, ideal p\u00ebr dit\u00ebt e ngarkuara.<\/p>\n<p>Ideal p\u00ebr \u00e7do situat\u00eb:Leht\u00ebson hund\u00ebt e bllokuara, largon mukusin dhe ndihmon f\u00ebmij\u00ebt t\u00eb marrin frym\u00eb qet\u00eb.<\/p>\n<p>K\u00ebshill\u00eb: P\u00ebr bebet n\u00ebn 2 vje\u00e7, p\u00ebrdoret me kujdes dhe sipas udh\u00ebzimeve t\u00eb pediatrit.<\/p>","protected":false},"excerpt":{"rendered":"<p>\u2022 9 nivele thithjeje t\u00eb fuqishme dhe t\u00eb buta (deri n\u00eb 70 kPa), t\u00eb p\u00ebrshtatshme p\u00ebr f\u00ebmij\u00eb 2\u201312 vje\u00e7<\/p>\n<p>\u2022 3 koka silikoni t\u00eb ndryshme p\u00ebr p\u00ebrdorim t\u00eb sigurt dhe komod n\u00eb \u00e7do mosh\u00eb<\/p>\n<p>\u2022 Pastrim i leht\u00eb: \u00e7montohet plot\u00ebsisht, i sigurt p\u00ebr larje me dor\u00eb ose n\u00eb makin\u00eb en\u00ebsh<\/p>\n<p>\u2022 Karikim USB-C, praktik dhe i shpejt\u00eb p\u00ebr p\u00ebrdorim t\u00eb p\u00ebrditsh\u00ebm<\/p>\n<p>\u2022 Ndihmon n\u00eb pastrimin e hund\u00ebs, largimin e mukusit dhe frym\u00ebmarrje m\u00eb t\u00eb leht\u00eb<\/p>\n<p>\u2022 K\u00ebshill\u00eb: p\u00ebr bebet n\u00ebn 2 vje\u00e7, p\u00ebrdoret vet\u00ebm me kujdes dhe sipas k\u00ebshill\u00ebs s\u00eb pediatrit<\/p>","protected":false},"featured_media":7477,"template":"","meta":[],"product_brand":[],"product_cat":[111,99],"product_tag":[285],"class_list":{"0":"post-7467","1":"product","2":"type-product","3":"status-publish","4":"has-post-thumbnail","6":"product_cat-aspirator-nazal","7":"product_cat-bebe","8":"product_tag-aspiratorhundesh-pastrueshunde-femijeteshendetshem-kujdesperfemije-bebedhefemije-frymemarrjelehte-produktperfemije-aspiratorelektrik-prinder-shendetiifemijeve-usbrechargeable","10":"first","11":"instock","12":"shipping-taxable","13":"purchasable","14":"product-type-simple"},"_links":{"self":[{"href":"https:\/\/www.momcozy.al\/en\/wp-json\/wp\/v2\/product\/7467","targetHints":{"allow":["GET"]}}],"collection":[{"href":"https:\/\/www.momcozy.al\/en\/wp-json\/wp\/v2\/product"}],"about":[{"href":"https:\/\/www.momcozy.al\/en\/wp-json\/wp\/v2\/types\/product"}],"wp:featuredmedia":[{"embeddable":true,"href":"https:\/\/www.momcozy.al\/en\/wp-json\/wp\/v2\/media\/7477"}],"wp:attachment":[{"href":"https:\/\/www.momcozy.al\/en\/wp-json\/wp\/v2\/media?parent=7467"}],"wp:term":[{"taxonomy":"product_brand","embeddable":true,"href":"https:\/\/www.momcozy.al\/en\/wp-json\/wp\/v2\/product_brand?post=7467"},{"taxonomy":"product_cat","embeddable":true,"href":"https:\/\/www.momcozy.al\/en\/wp-json\/wp\/v2\/product_cat?post=7467"},{"taxonomy":"product_tag","embeddable":true,"href":"https:\/\/www.momcozy.al\/en\/wp-json\/wp\/v2\/product_tag?post=7467"}],"curies":[{"name":"wp","href":"https:\/\/api.w.org\/{rel}","templated":true}]}}