{"id":7489,"date":"2025-12-13T10:58:43","date_gmt":"2025-12-13T10:58:43","guid":{"rendered":"https:\/\/www.momcozy.al\/?post_type=product&#038;p=7489"},"modified":"2026-01-01T09:27:34","modified_gmt":"2026-01-01T09:27:34","slug":"momcozy-diy-larger-bottle-drying-rack-per-18-biberona","status":"publish","type":"product","link":"https:\/\/www.momcozy.al\/en\/product\/momcozy-diy-larger-bottle-drying-rack-per-18-biberona\/","title":{"rendered":"Momcozy DIY Larger Bottle Drying Rack (P\u00ebr 18 Biberona)"},"content":{"rendered":"<p>Kapacitet i madh: Mbaj deri n\u00eb 18 biberona dhe aksesor\u00eb, perfekt p\u00ebr familje me shum\u00eb nevoja.<\/p>\n<p>DIY &amp; fleksib\u00ebl:Montim i leht\u00eb dhe mund t\u00eb rregullohet sipas hap\u00ebsir\u00ebs dhe pajisjeve q\u00eb ke.<\/p>\n<p>Tharje efikase: Dizajn hap\u00ebsir\u00eb-ajross\u00ebs p\u00ebr tharje m\u00eb t\u00eb shpejt\u00eb dhe higjienike t\u00eb biberonave.<\/p>\n<p>I past\u00ebr &amp; i q\u00ebndruesh\u00ebm:Material i fort\u00eb, i leht\u00eb p\u00ebr pastrim dhe i q\u00ebndruesh\u00ebm gjat\u00eb p\u00ebrdorimeve t\u00eb shumta.<\/p>\n<p>Organizim perfekt:Mbajtja e biberonave, pompuve dhe aksesor\u00ebve n\u00eb nj\u00eb vend t\u00eb vet\u00ebm p\u00ebr m\u00eb shum\u00eb rend dhe rehati.<\/p>","protected":false},"excerpt":{"rendered":"<p>\u2022 <b>Kapacitet i madh<\/b> \u2013 mban deri n\u00eb 18 biberona dhe aksesor\u00eb, ideal p\u00ebr p\u00ebrdorim ditor<\/p>\n<p>\u2022 <b>DIY &amp; fleksib\u00ebl<\/b> \u2013 montohet leht\u00eb dhe p\u00ebrshtatet sipas hap\u00ebsir\u00ebs dhe nevojave t\u00eb tua<\/p>\n<p>\u2022 <b>Tharje efikase<\/b> \u2013 dizajn ajross\u00ebs p\u00ebr tharje m\u00eb t\u00eb shpejt\u00eb dhe m\u00eb higjienike<\/p>\n<p>\u2022 <b>I fort\u00eb &amp; i past\u00ebr<\/b> \u2013 material cil\u00ebsor, i q\u00ebndruesh\u00ebm dhe i leht\u00eb p\u00ebr pastrim<\/p>\n<p>\u2022 <b>Organizim i zgjuar<\/b> \u2013 biberona, pompa dhe aksesor\u00eb t\u00eb gjitha n\u00eb nj\u00eb vend<\/p>","protected":false},"featured_media":7490,"template":"","meta":[],"product_brand":[],"product_cat":[98],"product_tag":[287],"class_list":{"0":"post-7489","1":"product","2":"type-product","3":"status-publish","4":"has-post-thumbnail","6":"product_cat-mama","7":"product_tag-momcozy-biberona-bebes-prinder-mami-babycare-aksesorbebesh-tharjebiberonash-organizimkuzhine-produkteperbebe-momlife-newmom","9":"first","10":"instock","11":"shipping-taxable","12":"purchasable","13":"product-type-simple"},"_links":{"self":[{"href":"https:\/\/www.momcozy.al\/en\/wp-json\/wp\/v2\/product\/7489","targetHints":{"allow":["GET"]}}],"collection":[{"href":"https:\/\/www.momcozy.al\/en\/wp-json\/wp\/v2\/product"}],"about":[{"href":"https:\/\/www.momcozy.al\/en\/wp-json\/wp\/v2\/types\/product"}],"wp:featuredmedia":[{"embeddable":true,"href":"https:\/\/www.momcozy.al\/en\/wp-json\/wp\/v2\/media\/7490"}],"wp:attachment":[{"href":"https:\/\/www.momcozy.al\/en\/wp-json\/wp\/v2\/media?parent=7489"}],"wp:term":[{"taxonomy":"product_brand","embeddable":true,"href":"https:\/\/www.momcozy.al\/en\/wp-json\/wp\/v2\/product_brand?post=7489"},{"taxonomy":"product_cat","embeddable":true,"href":"https:\/\/www.momcozy.al\/en\/wp-json\/wp\/v2\/product_cat?post=7489"},{"taxonomy":"product_tag","embeddable":true,"href":"https:\/\/www.momcozy.al\/en\/wp-json\/wp\/v2\/product_tag?post=7489"}],"curies":[{"name":"wp","href":"https:\/\/api.w.org\/{rel}","templated":true}]}}