{"id":7538,"date":"2026-01-09T15:48:49","date_gmt":"2026-01-09T15:48:49","guid":{"rendered":"https:\/\/www.momcozy.al\/?post_type=product&#038;p=7538"},"modified":"2026-01-09T15:57:32","modified_gmt":"2026-01-09T15:57:32","slug":"momcozy-2-in-1-hip-seat-baby-carrier","status":"publish","type":"product","link":"https:\/\/www.momcozy.al\/en\/product\/momcozy-2-in-1-hip-seat-baby-carrier\/","title":{"rendered":"Momcozy 2-In-1 Hip Seat Baby Carrier"},"content":{"rendered":"<p>Mbajt\u00ebsja 2-n\u00eb-1 me hip seat p\u00ebrshtatet leht\u00ebsisht me nevojat e bebit \u2014 qoft\u00eb kur d\u00ebshiron t\u00eb eksploroj\u00eb apo kur \u00ebsht\u00eb gati p\u00ebr t\u00eb pushuar \u2014 duke e b\u00ebr\u00eb shum\u00eb t\u00eb leht\u00eb ngritjen dhe uljen e shpesht\u00eb.<\/p>\n<p>Sedilje komode p\u00ebr bebe t\u00eb lumtura<br \/>\nSedilja e gjer\u00eb dhe e q\u00ebndrueshme e mban bebin n\u00eb nj\u00eb pozicion natyral ulur, pa ushtruar presion n\u00eb k\u00ebmb\u00eb, ndryshe nga mbajt\u00ebset e varura. Edhe gjat\u00eb daljeve t\u00eb gjata, bebi q\u00ebndron i qet\u00eb dhe rehat.<\/p>\n<p>Mbani m\u00eb gjat\u00eb, pa lodhje<br \/>\nKombinimi i mb\u00ebshtetjes s\u00eb hip seat-it dhe dizajnit t\u00eb rripave t\u00eb shpatullave n\u00eb form\u00eb X ul ndjesh\u00ebm presionin n\u00eb bel dhe bark, duke i b\u00ebr\u00eb sh\u00ebtitjet m\u00eb t\u00eb lehta dhe m\u00eb komode p\u00ebr prind\u00ebrit.<\/p>\n<p>Praktike dhe funksionale n\u00eb l\u00ebvizje<br \/>\nXhepi i gjer\u00eb mban sendet esenciale dhe aksesor\u00ebt e mbajt\u00ebses, q\u00eb gjith\u00e7ka e nevojshme p\u00ebr dalje t\u00eb jet\u00eb gjithmon\u00eb pran\u00eb jush.<\/p>","protected":false},"excerpt":{"rendered":"<p>\u2022 Mbi 5 muaj<br \/>\n\u2022 Mb\u00ebshtetje e sh\u00ebndetshme p\u00ebr ijet (Hip-Healthy)<br \/>\n\u2022 Pa duar (Hands-Free)<br \/>\n\u2022 Ideale p\u00ebr dalje verore<\/p>","protected":false},"featured_media":7539,"template":"","meta":[],"product_brand":[],"product_cat":[99,242],"product_tag":[],"class_list":{"0":"post-7538","1":"product","2":"type-product","3":"status-publish","4":"has-post-thumbnail","6":"product_cat-bebe","7":"product_cat-produkte-per-aktivitetin-e-bebeve","9":"first","10":"instock","11":"shipping-taxable","12":"purchasable","13":"product-type-simple"},"_links":{"self":[{"href":"https:\/\/www.momcozy.al\/en\/wp-json\/wp\/v2\/product\/7538","targetHints":{"allow":["GET"]}}],"collection":[{"href":"https:\/\/www.momcozy.al\/en\/wp-json\/wp\/v2\/product"}],"about":[{"href":"https:\/\/www.momcozy.al\/en\/wp-json\/wp\/v2\/types\/product"}],"wp:featuredmedia":[{"embeddable":true,"href":"https:\/\/www.momcozy.al\/en\/wp-json\/wp\/v2\/media\/7539"}],"wp:attachment":[{"href":"https:\/\/www.momcozy.al\/en\/wp-json\/wp\/v2\/media?parent=7538"}],"wp:term":[{"taxonomy":"product_brand","embeddable":true,"href":"https:\/\/www.momcozy.al\/en\/wp-json\/wp\/v2\/product_brand?post=7538"},{"taxonomy":"product_cat","embeddable":true,"href":"https:\/\/www.momcozy.al\/en\/wp-json\/wp\/v2\/product_cat?post=7538"},{"taxonomy":"product_tag","embeddable":true,"href":"https:\/\/www.momcozy.al\/en\/wp-json\/wp\/v2\/product_tag?post=7538"}],"curies":[{"name":"wp","href":"https:\/\/api.w.org\/{rel}","templated":true}]}}