{"id":7549,"date":"2026-01-10T11:57:30","date_gmt":"2026-01-10T11:57:30","guid":{"rendered":"https:\/\/www.momcozy.al\/?post_type=product&#038;p=7549"},"modified":"2026-01-10T12:55:37","modified_gmt":"2026-01-10T12:55:37","slug":"momcozy-maxsupport-nursing-pillow-cozypro-gray-memory-foam","status":"publish","type":"product","link":"https:\/\/www.momcozy.al\/en\/product\/momcozy-maxsupport-nursing-pillow-cozypro-gray-memory-foam\/","title":{"rendered":"Momcozy MaxSupport Nursing Pillow CozyPro Memery Foam Gray \/ White"},"content":{"rendered":"<p>Momcozy MaxSupport \u00ebsht\u00eb projektuar p\u00ebr ta b\u00ebr\u00eb ushqyerjen me gji m\u00eb t\u00eb rehatshme, m\u00eb t\u00eb sigurt dhe pa stres. I punuar me memory foam 100% t\u00eb sigurt, ky jast\u00ebk ofron mb\u00ebshtetje t\u00eb q\u00ebndrueshme dhe rehati t\u00eb but\u00eb, duke e mbajtur beben n\u00eb lart\u00ebsin\u00eb ideale p\u00ebr nj\u00eb kapje m\u00eb t\u00eb mir\u00eb dhe duke ulur lodhjen e krah\u00ebve dhe shpin\u00ebs s\u00eb mamit.<\/p>\n<p>Dizajn Ekskluziv me Barrier\u00eb Sigurie<\/p>\n<p>I frym\u00ebzuar nga p\u00ebrqafimi natyral i n\u00ebn\u00ebs, barriera e integruar e siguris\u00eb ndihmon n\u00eb parandalimin e rr\u00ebshqitjes s\u00eb bebes, duke i liruar nj\u00eb dor\u00eb prindit p\u00ebr m\u00eb shum\u00eb rehati dhe fleksibilitet.<\/p>\n<p>I Gjer\u00eb &amp; Mb\u00ebshtet\u00ebs<\/p>\n<p>28% m\u00eb i gjer\u00eb p\u00ebr m\u00eb shum\u00eb stabilitet<\/p>\n<p>P\u00ebrmasa: 22.6&#8243; x 14.5&#8243;<\/p>\n<p>Ofron mb\u00ebshtetje t\u00eb plot\u00eb p\u00ebr krah\u00ebt<\/p>\n<p>I p\u00ebrshtatsh\u00ebm p\u00ebr seanca t\u00eb gjata ushqyerjeje<\/p>\n<p>Rritet bashk\u00eb me beben dhe siguron komoditet afatgjat\u00eb.<\/p>\n<p>I Rregulluesh\u00ebm p\u00ebr \u00c7do Kujdestar<\/p>\n<p>Rripi i sigurt rreth belit p\u00ebrshtatet me shumic\u00ebn e trupave, duke e b\u00ebr\u00eb jast\u00ebkun ideal p\u00ebr:<\/p>\n<p>Mamat<\/p>\n<p>Baballar\u00ebt<\/p>\n<p>Kujdestar\u00ebt<\/p>\n<p>Ndihmon n\u00eb ruajtjen e nj\u00eb pozicioni korrekt dhe t\u00eb rehatsh\u00ebm gjat\u00eb ushqyerjes.<\/p>\n<p>Mir\u00ebmbajtje e Leht\u00eb &amp; Ideale si Dhurat\u00eb<\/p>\n<p>Mbules\u00eb e heqshme dhe e lar\u00eb n\u00eb lavatri\u00e7e<\/p>\n<p>Element thelb\u00ebsor p\u00ebr dhom\u00ebn e bebes<\/p>\n<p>Dhurat\u00eb perfekte p\u00ebr baby shower<\/p>\n<p>Sh\u00ebnim: B\u00ebrthama e jast\u00ebkut nuk duhet lar\u00eb.<\/p>\n<p>&nbsp;<\/p>","protected":false},"excerpt":{"rendered":"<ul>\n<li>I Gjer\u00eb &amp; Mb\u00ebshtet\u00ebs<\/li>\n<li>Ofron mb\u00ebshtetje t\u00eb plot\u00eb p\u00ebr krah\u00ebt<\/li>\n<li>I p\u00ebrshtatsh\u00ebm p\u00ebr seanca t\u00eb gjata ushqyerjeje<\/li>\n<li>Rritet bashk\u00eb me beben dhe siguron komoditet afatgjat\u00eb.<\/li>\n<li>I Rregulluesh\u00ebm p\u00ebr \u00c7do Kujdestar<\/li>\n<\/ul>","protected":false},"featured_media":7554,"template":"","meta":[],"product_brand":[],"product_cat":[103,98],"product_tag":[290,289],"class_list":{"0":"post-7549","1":"product","2":"type-product","3":"status-publish","4":"has-post-thumbnail","6":"product_cat-jastek","7":"product_cat-mama","8":"product_tag-jastek-gjidhenie","9":"product_tag-momcozy-nursingpillow-breastfeeding-memoryfoam-babyessentials-nenatereja-babyshowergift","11":"first","12":"instock","13":"shipping-taxable","14":"purchasable","15":"product-type-variable"},"_links":{"self":[{"href":"https:\/\/www.momcozy.al\/en\/wp-json\/wp\/v2\/product\/7549","targetHints":{"allow":["GET"]}}],"collection":[{"href":"https:\/\/www.momcozy.al\/en\/wp-json\/wp\/v2\/product"}],"about":[{"href":"https:\/\/www.momcozy.al\/en\/wp-json\/wp\/v2\/types\/product"}],"wp:featuredmedia":[{"embeddable":true,"href":"https:\/\/www.momcozy.al\/en\/wp-json\/wp\/v2\/media\/7554"}],"wp:attachment":[{"href":"https:\/\/www.momcozy.al\/en\/wp-json\/wp\/v2\/media?parent=7549"}],"wp:term":[{"taxonomy":"product_brand","embeddable":true,"href":"https:\/\/www.momcozy.al\/en\/wp-json\/wp\/v2\/product_brand?post=7549"},{"taxonomy":"product_cat","embeddable":true,"href":"https:\/\/www.momcozy.al\/en\/wp-json\/wp\/v2\/product_cat?post=7549"},{"taxonomy":"product_tag","embeddable":true,"href":"https:\/\/www.momcozy.al\/en\/wp-json\/wp\/v2\/product_tag?post=7549"}],"curies":[{"name":"wp","href":"https:\/\/api.w.org\/{rel}","templated":true}]}}