{"id":7582,"date":"2026-01-31T09:26:08","date_gmt":"2026-01-31T09:26:08","guid":{"rendered":"https:\/\/www.momcozy.al\/?post_type=product&#038;p=7582"},"modified":"2026-01-31T09:33:50","modified_gmt":"2026-01-31T09:33:50","slug":"momcozy-milk-collection-container-cup-for-m5","status":"publish","type":"product","link":"https:\/\/www.momcozy.al\/en\/product\/momcozy-milk-collection-container-cup-for-m5\/","title":{"rendered":"Momcozy Milk Collection Container Cup for M5"},"content":{"rendered":"<p>Aksesor\u00ebt origjinal\u00eb Momcozy p\u00ebr mbledhjen e qum\u00ebshtit jan\u00eb t\u00eb p\u00ebrputhsh\u00ebm me pomp\u00ebn e gjirit t\u00eb veshshme Momcozy M5 dhe jan\u00eb t\u00eb pranuesh\u00ebm p\u00ebr FSA\/HSA. T\u00eb gjitha pjes\u00ebt q\u00eb vijn\u00eb n\u00eb kontakt me qum\u00ebshtin e gjirit jan\u00eb pa BPA dhe t\u00eb sigurta p\u00ebr foshnj\u00ebn.<\/p>\n<p>Pastrimi \u00ebsht\u00eb i thjesht\u00eb: lani pjes\u00ebt pas \u00e7do p\u00ebrdorimi me uj\u00eb t\u00eb ngroht\u00eb me sapun ose sterilizojini n\u00eb temperatur\u00eb deri n\u00eb 100\u2103 p\u00ebr 5\u201310 minuta.<\/p>\n<p>Mbledh\u00ebsi i qum\u00ebshtit Momcozy M5 \u00ebsht\u00eb nj\u00eb aksesor thelb\u00ebsor p\u00ebr mbledhjen efikase t\u00eb qum\u00ebshtit dhe funksionon s\u00eb bashku me pjes\u00ebt e tjera t\u00eb pomp\u00ebs. P\u00ebr udh\u00ebzime instalimi, shikoni imazhin p\u00ebrkat\u00ebs. P\u00ebr \u00e7do problem, na kontaktoni dhe ekipi yn\u00eb do t\u2019ju ndihmoj\u00eb.<\/p>\n<p>&nbsp;<\/p>","protected":false},"excerpt":{"rendered":"<p>\u2022 I p\u00ebrputhsh\u00ebm me Momcozy M5, pjes\u00eb origjinale, pa BPA.<br \/>\n\u2022 Pastrohet leht\u00eb: uj\u00eb i ngroht\u00eb ose sterilizim deri n\u00eb 100\u2103.<br \/>\n\u2022 Aksesor p\u00ebr mbledhjen e qum\u00ebshtit, instalim i thjesht\u00eb.<\/p>","protected":false},"featured_media":7583,"template":"","meta":[],"product_brand":[],"product_cat":[98,100],"product_tag":[],"class_list":{"0":"post-7582","1":"product","2":"type-product","3":"status-publish","4":"has-post-thumbnail","6":"product_cat-mama","7":"product_cat-pompe-gjiri","9":"first","10":"instock","11":"shipping-taxable","12":"purchasable","13":"product-type-simple"},"_links":{"self":[{"href":"https:\/\/www.momcozy.al\/en\/wp-json\/wp\/v2\/product\/7582","targetHints":{"allow":["GET"]}}],"collection":[{"href":"https:\/\/www.momcozy.al\/en\/wp-json\/wp\/v2\/product"}],"about":[{"href":"https:\/\/www.momcozy.al\/en\/wp-json\/wp\/v2\/types\/product"}],"wp:featuredmedia":[{"embeddable":true,"href":"https:\/\/www.momcozy.al\/en\/wp-json\/wp\/v2\/media\/7583"}],"wp:attachment":[{"href":"https:\/\/www.momcozy.al\/en\/wp-json\/wp\/v2\/media?parent=7582"}],"wp:term":[{"taxonomy":"product_brand","embeddable":true,"href":"https:\/\/www.momcozy.al\/en\/wp-json\/wp\/v2\/product_brand?post=7582"},{"taxonomy":"product_cat","embeddable":true,"href":"https:\/\/www.momcozy.al\/en\/wp-json\/wp\/v2\/product_cat?post=7582"},{"taxonomy":"product_tag","embeddable":true,"href":"https:\/\/www.momcozy.al\/en\/wp-json\/wp\/v2\/product_tag?post=7582"}],"curies":[{"name":"wp","href":"https:\/\/api.w.org\/{rel}","templated":true}]}}