{"id":7589,"date":"2026-01-31T10:03:28","date_gmt":"2026-01-31T10:03:28","guid":{"rendered":"https:\/\/www.momcozy.al\/?post_type=product&#038;p=7589"},"modified":"2026-01-31T10:03:28","modified_gmt":"2026-01-31T10:03:28","slug":"momcozy-milk-collection-container-set-for-m5","status":"publish","type":"product","link":"https:\/\/www.momcozy.al\/en\/product\/momcozy-milk-collection-container-set-for-m5\/","title":{"rendered":"Momcozy Milk Collection Container Set for M5"},"content":{"rendered":"<p>Seti i en\u00ebve p\u00ebr mbledhjen e qum\u00ebshtit Momcozy M5 \u00ebsht\u00eb shoq\u00ebruesi perfekt p\u00ebr pomp\u00ebn e gjirit t\u00eb veshshme Momcozy M5, duke ofruar nj\u00eb zgjidhje praktike dhe efikase p\u00ebr mbledhjen dhe ruajtjen e qum\u00ebshtit t\u00eb gjirit. \u00c7do en\u00eb n\u00eb set \u00ebsht\u00eb e prodhuar nga materiale ushqimore pa BPA, duke garantuar sigurin\u00eb e qum\u00ebshtit tuaj.<\/p>\n<p>Me dizajn kund\u00ebr rrjedhjes dhe struktur\u00eb t\u00eb leht\u00eb p\u00ebr t\u2019u pastruar, k\u00ebto en\u00eb e b\u00ebjn\u00eb rutin\u00ebn e pompimit m\u00eb t\u00eb thjesht\u00eb, duke ju l\u00ebn\u00eb m\u00eb shum\u00eb koh\u00eb p\u00ebr gj\u00ebrat q\u00eb kan\u00eb m\u00eb shum\u00eb r\u00ebnd\u00ebsi. T\u00eb dizajnuara p\u00ebr q\u00ebndrueshm\u00ebri dhe p\u00ebrputhshm\u00ebri t\u00eb plot\u00eb, ky set ju mund\u00ebson t\u00eb pomponi, t\u00eb ruani dhe t\u00eb ushqeni me besim.<\/p>","protected":false},"excerpt":{"rendered":"<p>\u2022 Set en\u00ebsh Momcozy M5 p\u00ebr mbledhjen dhe ruajtjen e qum\u00ebshtit, BPA-free dhe t\u00eb sigurta p\u00ebr ushqim.<br \/>\n\u2022 Dizajn kund\u00ebr rrjedhjes dhe i leht\u00eb p\u00ebr t\u2019u pastruar.<br \/>\n\u2022 I q\u00ebndruesh\u00ebm dhe i p\u00ebrputhsh\u00ebm p\u00ebr pompim, ruajtje dhe ushqim me besim.<\/p>","protected":false},"featured_media":7590,"template":"","meta":[],"product_brand":[],"product_cat":[99],"product_tag":[],"class_list":{"0":"post-7589","1":"product","2":"type-product","3":"status-publish","4":"has-post-thumbnail","6":"product_cat-bebe","8":"first","9":"instock","10":"shipping-taxable","11":"purchasable","12":"product-type-simple"},"_links":{"self":[{"href":"https:\/\/www.momcozy.al\/en\/wp-json\/wp\/v2\/product\/7589","targetHints":{"allow":["GET"]}}],"collection":[{"href":"https:\/\/www.momcozy.al\/en\/wp-json\/wp\/v2\/product"}],"about":[{"href":"https:\/\/www.momcozy.al\/en\/wp-json\/wp\/v2\/types\/product"}],"wp:featuredmedia":[{"embeddable":true,"href":"https:\/\/www.momcozy.al\/en\/wp-json\/wp\/v2\/media\/7590"}],"wp:attachment":[{"href":"https:\/\/www.momcozy.al\/en\/wp-json\/wp\/v2\/media?parent=7589"}],"wp:term":[{"taxonomy":"product_brand","embeddable":true,"href":"https:\/\/www.momcozy.al\/en\/wp-json\/wp\/v2\/product_brand?post=7589"},{"taxonomy":"product_cat","embeddable":true,"href":"https:\/\/www.momcozy.al\/en\/wp-json\/wp\/v2\/product_cat?post=7589"},{"taxonomy":"product_tag","embeddable":true,"href":"https:\/\/www.momcozy.al\/en\/wp-json\/wp\/v2\/product_tag?post=7589"}],"curies":[{"name":"wp","href":"https:\/\/api.w.org\/{rel}","templated":true}]}}