{"id":7608,"date":"2026-02-18T15:18:29","date_gmt":"2026-02-18T15:18:29","guid":{"rendered":"https:\/\/www.momcozy.al\/?post_type=product&#038;p=7608"},"modified":"2026-04-08T13:50:23","modified_gmt":"2026-04-08T13:50:23","slug":"momcozy-smart-wearable-baby-thermometer","status":"publish","type":"product","link":"https:\/\/www.momcozy.al\/en\/product\/momcozy-smart-wearable-baby-thermometer\/","title":{"rendered":"Momcozy Smart Wearable Baby Thermometer"},"content":{"rendered":"<p>\u3010Sensor me Precizion t\u00eb Lart\u00eb \u00b10.1\u00b0C &amp; Monitorim i Besuesh\u00ebm i Temperatur\u00ebs\u3011<br \/>\nI pajisur me nj\u00eb sensor me performanc\u00eb t\u00eb lart\u00eb dhe algorit\u00ebm kompensimi, ky termomet\u00ebr p\u00ebr bebe Momcozy ofron matje t\u00eb shpejta dhe t\u00eb sakta me precizion \u00b10.1\u00b0C. Duke ndjekur ndryshimet e temperatur\u00ebs, ai ndihmon prind\u00ebrit t\u00eb kuptojn\u00eb m\u00eb mir\u00eb gjendjen e foshnj\u00ebs dhe t\u00eb marrin vendime t\u00eb shpejta p\u00ebr kujdesin e foshnjave dhe f\u00ebmij\u00ebve.<\/p>\n<p>\u3010Komoditet i Paduksh\u00ebm &amp; Gjum\u00eb i Qet\u00eb p\u00ebr Foshnj\u00ebn\u3011<br \/>\nI prodhuar me material hipoalergjik 3M n\u00eb p\u00ebrputhje me standardet ISO 10993, ky termomet\u00ebr ngjit\u00ebs i veshsh\u00ebm p\u00ebr bebe \u00ebsht\u00eb i but\u00eb p\u00ebr l\u00ebkur\u00ebn delikate. Dizajni i leht\u00eb p\u00ebr vendosje n\u00ebn sqetull mund\u00ebson matje t\u00eb sakt\u00eb t\u00eb temperatur\u00ebs nd\u00ebrsa foshnja fle natyrsh\u00ebm, pa u shqet\u00ebsuar. Pastroni dhe thani sqetull\u00ebn para p\u00ebrdorimit dhe z\u00ebvend\u00ebsoni ngjit\u00ebsen e disponueshme \u00e7do 8 or\u00eb p\u00ebr matje t\u00eb sakta dhe higjien\u00eb.<\/p>\n<p>\u3010Monitorim i Vazhduesh\u00ebm &amp; Ndjekje e Trendit t\u00eb Temperatur\u00ebs\u3011<br \/>\nKy termomet\u00ebr inteligjent p\u00ebr bebe monitoron vazhdimisht temperatur\u00ebn kur \u00ebsht\u00eb i lidhur me aplikacionin Momcozy n\u00eb plan t\u00eb par\u00eb (foreground). Grafik\u00ebt e trendit t\u00eb temperatur\u00ebs gjenerohen automatikisht, duke e b\u00ebr\u00eb t\u00eb leht\u00eb ndjekjen e ndryshimeve me kalimin e koh\u00ebs. Prind\u00ebrit mund t\u00eb regjistrojn\u00eb manualisht edhe simptomat p\u00ebr monitorim m\u00eb t\u00eb plot\u00eb.<\/p>\n<p>\u3010Bateri me Jet\u00ebgjat\u00ebsi 180 Or\u00eb &amp; Matje Portative Kudo dhe Kurdo\u3011<br \/>\nI dizajnuar p\u00ebr familjet moderne, ky termomet\u00ebr portativ p\u00ebr foshnja ofron deri n\u00eb 180 or\u00eb jet\u00eb baterie p\u00ebr monitorim afatgjat\u00eb. Kutia kompakte dhe e mbyllur e ruajtjes e mban pajisjen t\u00eb past\u00ebr dhe gati p\u00ebr udh\u00ebtim, i p\u00ebrshtatsh\u00ebm p\u00ebr p\u00ebrdorim n\u00eb sht\u00ebpi ose n\u00eb l\u00ebvizje, dhe ideal p\u00ebr listat e dhuratave p\u00ebr bebe.<\/p>\n<p>\u3010Ruajtje Lokale e t\u00eb Dh\u00ebnave &amp; Menaxhim p\u00ebr Shum\u00eb P\u00ebrdorues\u3011<br \/>\nT\u00eb gjitha t\u00eb dh\u00ebnat e temperatur\u00ebs ruhen lokalisht n\u00eb pajisje p\u00ebrmes lidhjes Bluetooth, duke ndihmuar n\u00eb mbrojtjen e privat\u00ebsis\u00eb s\u00eb familjes. Aplikacioni Momcozy mb\u00ebshtet profile p\u00ebr disa f\u00ebmij\u00eb, duke mund\u00ebsuar menaxhimin e leht\u00eb t\u00eb regjistrave t\u00eb temperatur\u00ebs s\u00eb foshnjave ose t\u00eb familjes me nj\u00eb termomet\u00ebr t\u00eb vet\u00ebm. Thjesht vendoseni ngjit\u00ebsen n\u00ebn sqetull p\u00ebr t\u00eb filluar monitorimin.<\/p>\n<p>\u3010V\u00ebmendje\u3011<br \/>\nJu lutemi p\u00ebrdit\u00ebsoni aplikacionin Momcozy n\u00eb versionin m\u00eb t\u00eb fundit p\u00ebrpara lidhjes me termometrin e veshsh\u00ebm T31 p\u00ebr bebe. Aplikacioni \u00ebsht\u00eb falas p\u00ebr p\u00ebrdorim t\u00eb p\u00ebrjetsh\u00ebm.<\/p>\n<p>&nbsp;<\/p>","protected":false},"excerpt":{"rendered":"<ul>\n<li>Monitorim i vazhduesh\u00ebm i temperatur\u00ebs me grafik\u00eb n\u00eb aplikacion<\/li>\n<li>Dizajn i leht\u00eb, i veshsh\u00ebm n\u00ebn sqetull pa shqet\u00ebsuar gjumin e foshnj\u00ebs<\/li>\n<li>Ngjit\u00ebse hipoalergjike 3M, t\u00eb sigurta p\u00ebr l\u00ebkur\u00eb delikate<\/li>\n<li>Deri n\u00eb 180 or\u00eb jet\u00eb baterie<\/li>\n<li>Ruajtje lokale e t\u00eb dh\u00ebnave p\u00ebr privat\u00ebsi m\u00eb t\u00eb lart\u00eb<\/li>\n<li>Mb\u00ebshtet profile p\u00ebr disa f\u00ebmij\u00eb n\u00eb nj\u00eb aplikacion<\/li>\n<li>Z\u00ebvend\u00ebsim i ngjit\u00ebses \u00e7do 8 or\u00eb p\u00ebr higjien\u00eb dhe sakt\u00ebsi<\/li>\n<li>I p\u00ebrshtatsh\u00ebm p\u00ebr p\u00ebrdorim n\u00eb sht\u00ebpi dhe n\u00eb udh\u00ebtim<\/li>\n<\/ul>","protected":false},"featured_media":7609,"template":"","meta":[],"product_brand":[],"product_cat":[99,144],"product_tag":[],"class_list":{"0":"post-7608","1":"product","2":"type-product","3":"status-publish","4":"has-post-thumbnail","6":"product_cat-bebe","7":"product_cat-termometer","9":"first","10":"outofstock","11":"shipping-taxable","12":"purchasable","13":"product-type-simple"},"_links":{"self":[{"href":"https:\/\/www.momcozy.al\/en\/wp-json\/wp\/v2\/product\/7608","targetHints":{"allow":["GET"]}}],"collection":[{"href":"https:\/\/www.momcozy.al\/en\/wp-json\/wp\/v2\/product"}],"about":[{"href":"https:\/\/www.momcozy.al\/en\/wp-json\/wp\/v2\/types\/product"}],"wp:featuredmedia":[{"embeddable":true,"href":"https:\/\/www.momcozy.al\/en\/wp-json\/wp\/v2\/media\/7609"}],"wp:attachment":[{"href":"https:\/\/www.momcozy.al\/en\/wp-json\/wp\/v2\/media?parent=7608"}],"wp:term":[{"taxonomy":"product_brand","embeddable":true,"href":"https:\/\/www.momcozy.al\/en\/wp-json\/wp\/v2\/product_brand?post=7608"},{"taxonomy":"product_cat","embeddable":true,"href":"https:\/\/www.momcozy.al\/en\/wp-json\/wp\/v2\/product_cat?post=7608"},{"taxonomy":"product_tag","embeddable":true,"href":"https:\/\/www.momcozy.al\/en\/wp-json\/wp\/v2\/product_tag?post=7608"}],"curies":[{"name":"wp","href":"https:\/\/api.w.org\/{rel}","templated":true}]}}